{"id":140,"date":"2014-03-09T11:26:42","date_gmt":"2014-03-09T09:26:42","guid":{"rendered":"http:\/\/mediagents.fi\/mediagents\/?page_id=140"},"modified":"2019-02-03T14:06:51","modified_gmt":"2019-02-03T12:06:51","slug":"ulkonatv","status":"publish","type":"page","link":"http:\/\/mediagents.fi\/mediagents\/ulkonatv\/","title":{"rendered":"UlkonaTV"},"content":{"rendered":"<p align=\"left\"><strong>UlkonaTV<\/strong><\/p>\n<p align=\"left\">UlkonaTV on videosis\u00e4lt\u00f6ihin keskittyv\u00e4 kanava. Sen p\u00e4\u00e4fokus on kaikessa ulkona tapahtuvassa liikunnassa ja retkeilyss\u00e4, sek\u00e4 niihin saumattomasti liittyviss\u00e4 taidoissa, v\u00e4lineiss\u00e4 ja varusteissa.<\/p>\n<p align=\"left\">Kanava on suunnattu ulkona liikkuville sek\u00e4 luonnosta ja el\u00e4myksist\u00e4 kiinnostuneille katsojille.<a href=\"http:\/\/www.ulkonatv.fi\"><img loading=\"lazy\" class=\"wp-image-169 alignleft\" src=\"http:\/\/mediagents.fi\/mediagents\/wp-content\/uploads\/2014\/03\/kuvaUTV1.jpg\" alt=\"kuvaUTV\" width=\"669\" height=\"449\" srcset=\"http:\/\/mediagents.fi\/mediagents\/wp-content\/uploads\/2014\/03\/kuvaUTV1.jpg 836w, http:\/\/mediagents.fi\/mediagents\/wp-content\/uploads\/2014\/03\/kuvaUTV1-300x201.jpg 300w\" sizes=\"(max-width: 669px) 100vw, 669px\" \/><\/a><\/p>\n<p align=\"left\"><strong><a title=\"Linkki UlkonaTV\" href=\"http:\/\/www.ulkonatv.fi\" target=\"_blank\" rel=\"noopener\">Tutustu, klikkaa<\/a>!<\/strong><\/p>\n<p align=\"left\">Tarjoamme ulkonaTV -kanavalla katsojia kiinnostavia sarjamuotoisia ohjelmia \/ useamman jakson sarjoja \u2013 Television keinoin \u2013 TV-kanavan omaisella tyylill\u00e4 \u2013 laadukkaina videosis\u00e4lt\u00f6in\u00e4.<\/p>\n<p>\u00a0<!--more--><\/p>\n<p>&nbsp;<\/p>\n<p>&nbsp;<\/p>\n<p>&nbsp;<\/p>\n<p>&nbsp;<\/p>\n<p>&nbsp;<\/p>\n<p>&nbsp;<\/p>\n<p>&nbsp;<\/p>\n<p>&nbsp;<\/p>\n<p><!--more--><\/p>\n<p>&nbsp;<\/p>\n","protected":false},"excerpt":{"rendered":"<p>UlkonaTV UlkonaTV on videosis\u00e4lt\u00f6ihin keskittyv\u00e4 kanava. Sen p\u00e4\u00e4fokus on kaikessa ulkona tapahtuvassa liikunnassa ja retkeilyss\u00e4, sek\u00e4 niihin saumattomasti liittyviss\u00e4 taidoissa, v\u00e4lineiss\u00e4 ja varusteissa. Kanava on suunnattu ulkona liikkuville sek\u00e4 luonnosta ja el\u00e4myksist\u00e4 kiinnostuneille katsojille. Tutustu, klikkaa! Tarjoamme ulkonaTV -kanavalla katsojia kiinnostavia sarjamuotoisia ohjelmia \/ useamman jakson sarjoja \u2013 Television keinoin<\/p>\n","protected":false},"author":1,"featured_media":154,"parent":0,"menu_order":0,"comment_status":"open","ping_status":"open","template":"template-fullwidth.php","meta":[],"_links":{"self":[{"href":"http:\/\/mediagents.fi\/mediagents\/wp-json\/wp\/v2\/pages\/140"}],"collection":[{"href":"http:\/\/mediagents.fi\/mediagents\/wp-json\/wp\/v2\/pages"}],"about":[{"href":"http:\/\/mediagents.fi\/mediagents\/wp-json\/wp\/v2\/types\/page"}],"author":[{"embeddable":true,"href":"http:\/\/mediagents.fi\/mediagents\/wp-json\/wp\/v2\/users\/1"}],"replies":[{"embeddable":true,"href":"http:\/\/mediagents.fi\/mediagents\/wp-json\/wp\/v2\/comments?post=140"}],"version-history":[{"count":26,"href":"http:\/\/mediagents.fi\/mediagents\/wp-json\/wp\/v2\/pages\/140\/revisions"}],"predecessor-version":[{"id":729,"href":"http:\/\/mediagents.fi\/mediagents\/wp-json\/wp\/v2\/pages\/140\/revisions\/729"}],"wp:featuredmedia":[{"embeddable":true,"href":"http:\/\/mediagents.fi\/mediagents\/wp-json\/wp\/v2\/media\/154"}],"wp:attachment":[{"href":"http:\/\/mediagents.fi\/mediagents\/wp-json\/wp\/v2\/media?parent=140"}],"curies":[{"name":"wp","href":"https:\/\/api.w.org\/{rel}","templated":true}]}}