{"id":145,"date":"2014-03-09T11:28:30","date_gmt":"2014-03-09T09:28:30","guid":{"rendered":"http:\/\/mediagents.fi\/mediagents\/?page_id=145"},"modified":"2014-05-08T13:48:16","modified_gmt":"2014-05-08T10:48:16","slug":"viestintaa","status":"publish","type":"page","link":"http:\/\/mediagents.fi\/mediagents\/viestintaa\/","title":{"rendered":"Viestint\u00e4\u00e4"},"content":{"rendered":"<p align=\"left\"><strong>Monipuolisesti<\/strong><\/p>\n<p align=\"left\">Sis\u00e4lt\u00f6\u00e4, mainontaa ja markkinointia eri medioihin, kuten vaikkapa www-sivulle internetiin, messuk\u00e4ytt\u00f6\u00f6n DVD:lle tai perinteisemmin TV-mainokset ja -buffit mainosrahoitteisille TV-kanaville. Kustannustehokkaasti, kokonaisvaltaisesti ja n\u00e4in ollen yhteisty\u00f6kumppanillemme my\u00f6s totuttua helpommin ja edullisemmin.<\/p>\n<p align=\"left\">Markkinointiin ja mainontaan liittyv\u00e4 materiaalin ja sis\u00e4ll\u00f6ntuotanto ja sen monimediainen k\u00e4ytt\u00f6 ja k\u00e4yt\u00f6nsuunnittelu kannattaa keskitt\u00e4\u00e4, koska se helpottaa tilaajayrityksen omaa taakkaa ja s\u00e4\u00e4st\u00e4\u00e4 my\u00f6s aikaa sek\u00e4 selv\u00e4\u00e4 rahaa.<\/p>\n<p align=\"left\"><a href=\"http:\/\/mediagents.fi\/mediagents\/wp-content\/uploads\/2014\/03\/kuva\u00e4\u00e4nitysjamiksaus.jpg\"><img loading=\"lazy\" class=\"alignleft size-full wp-image-339\" alt=\"kuva\u00e4\u00e4nitysjamiksaus\" src=\"http:\/\/mediagents.fi\/mediagents\/wp-content\/uploads\/2014\/03\/kuva\u00e4\u00e4nitysjamiksaus.jpg\" width=\"245\" height=\"245\" srcset=\"http:\/\/mediagents.fi\/mediagents\/wp-content\/uploads\/2014\/03\/kuva\u00e4\u00e4nitysjamiksaus.jpg 245w, http:\/\/mediagents.fi\/mediagents\/wp-content\/uploads\/2014\/03\/kuva\u00e4\u00e4nitysjamiksaus-150x150.jpg 150w, http:\/\/mediagents.fi\/mediagents\/wp-content\/uploads\/2014\/03\/kuva\u00e4\u00e4nitysjamiksaus-225x225.jpg 225w, http:\/\/mediagents.fi\/mediagents\/wp-content\/uploads\/2014\/03\/kuva\u00e4\u00e4nitysjamiksaus-60x60.jpg 60w\" sizes=\"(max-width: 245px) 100vw, 245px\" \/><\/a><\/p>\n<p>&nbsp;<\/p>\n<p><strong>Kaikkiin medioihin<\/strong><\/p>\n<p align=\"left\">Yrityksen omille Internet-sivulle, YouTube-kanavalle ja sosiaaliseen mediaan.<br \/>\nMessuk\u00e4ytt\u00f6\u00f6n ja myynnin tueksi, tiedostoina sek\u00e4 DVD:n\u00e4.<br \/>\nMainokseen, mainosrahoitteisille TV- ja Radio-kanaville.<\/p>\n<p align=\"left\"><strong>Kuten haluat<br \/>\n<\/strong>Videoesittelyt yrityksen uusista innovaatioista ja tuotteista.\u00a0Yrityksesi toiminnan ja liikeidean esittelemiseksi.<br \/>\nKiinnostavan seminaarin reaaliaikainen streamaus ja taltiointi On Demand -k\u00e4ytt\u00f6\u00f6n yrityksen\u00a0henkil\u00f6st\u00f6lle ja yhteisty\u00f6kumppaneille eri puolilla maailmaa.<\/p>\n<p align=\"left\"><a href=\"http:\/\/mediagents.fi\/mediagents\/wp-content\/uploads\/2014\/03\/kuvakamerajamaski.jpg\"><img loading=\"lazy\" class=\" wp-image-210 alignright\" alt=\"kuvakamerajamaski\" src=\"http:\/\/mediagents.fi\/mediagents\/wp-content\/uploads\/2014\/03\/kuvakamerajamaski.jpg\" width=\"544\" height=\"320\" srcset=\"http:\/\/mediagents.fi\/mediagents\/wp-content\/uploads\/2014\/03\/kuvakamerajamaski.jpg 680w, http:\/\/mediagents.fi\/mediagents\/wp-content\/uploads\/2014\/03\/kuvakamerajamaski-300x176.jpg 300w\" sizes=\"(max-width: 544px) 100vw, 544px\" \/><\/a><\/p>\n<p><strong>\u00a0<\/strong><\/p>\n<p><strong>Kustannustehokkaasti &#8211; vahvalla osaamisella<\/strong><\/p>\n<p align=\"left\">Laaja osaamisemme mahdollistaa sen, ett\u00e4 voimme tarjota asiakkaillemme eritt\u00e4in kattavat mainonta- ja markkinointipalvelut sek\u00e4 audiovisuaaliset tuotantopalvelut.<\/p>\n<p align=\"left\">K\u00e4ytett\u00e4viss\u00e4si on kaikki audiovisuaalisen sis\u00e4ll\u00f6n, videomainosten ja tuote-esittelyjen tuotannolliset ja teknisen toteuttamisen v\u00e4lineet ja henkil\u00f6st\u00f6.<\/p>\n<p align=\"left\"><strong>Mik\u00e4 parasta &#8211;\u00a0<\/strong><strong>Yhdest\u00e4 paikasta<br \/>\n<\/strong>Kokonaisvaltaisesti, kustannustehokkaasti ja my\u00f6s totuttua helpommin ja edullisemmin.<\/p>\n<p align=\"left\"><a style=\"font-size: 0.95em; line-height: 1.6em;\" href=\"http:\/\/mediagents.fi\/mediagents\/wp-content\/uploads\/2014\/03\/kuvahaalarit.jpg\"><img loading=\"lazy\" class=\"alignleft  wp-image-231\" alt=\"kuvahaalarit\" src=\"http:\/\/mediagents.fi\/mediagents\/wp-content\/uploads\/2014\/03\/kuvahaalarit.jpg\" width=\"454\" height=\"272\" srcset=\"http:\/\/mediagents.fi\/mediagents\/wp-content\/uploads\/2014\/03\/kuvahaalarit.jpg 700w, http:\/\/mediagents.fi\/mediagents\/wp-content\/uploads\/2014\/03\/kuvahaalarit-300x180.jpg 300w\" sizes=\"(max-width: 454px) 100vw, 454px\" \/><\/a><\/p>\n<p>&nbsp;<\/p>\n<p>&nbsp;<\/p>\n<p><strong>Tekniset ja sis\u00e4ll\u00f6lliset tuotantopalvelut mm.:<\/strong><\/p>\n<p align=\"left\">Tuottaminen, ohjaus, k\u00e4sikirjoitus, kuvaus, valaisu, maskeeraus, graafiset -ty\u00f6t ym.<\/p>\n<p align=\"left\">Toimitusty\u00f6, ohjelmien ja tuote-esittelyjen juontaminen, erilaiset spiikit, puvustus ja stailaus.<\/p>\n<p align=\"left\">Audiotuotantopalvelut. Esimerkiksi jo toteutetun materiaalin (audio\/video) muokkaaminen vaikkapa radiomainosk\u00e4ytt\u00f6\u00f6n.<\/p>\n<p><strong>Ollaan yhteydess\u00e4 ja k\u00e4yd\u00e4\u00e4n tarpeesi l\u00e4pi \u2013 olemme k\u00e4ytett\u00e4viss\u00e4si!<\/strong><\/p>\n<p>&nbsp;<\/p>\n","protected":false},"excerpt":{"rendered":"<p>Monipuolisesti Sis\u00e4lt\u00f6\u00e4, mainontaa ja markkinointia eri medioihin, kuten vaikkapa www-sivulle internetiin, messuk\u00e4ytt\u00f6\u00f6n DVD:lle tai perinteisemmin TV-mainokset ja -buffit mainosrahoitteisille TV-kanaville. Kustannustehokkaasti, kokonaisvaltaisesti ja n\u00e4in ollen yhteisty\u00f6kumppanillemme my\u00f6s totuttua helpommin ja edullisemmin. Markkinointiin ja mainontaan liittyv\u00e4 materiaalin ja sis\u00e4ll\u00f6ntuotanto ja sen monimediainen k\u00e4ytt\u00f6 ja k\u00e4yt\u00f6nsuunnittelu kannattaa keskitt\u00e4\u00e4, koska se helpottaa tilaajayrityksen<\/p>\n","protected":false},"author":1,"featured_media":155,"parent":0,"menu_order":0,"comment_status":"open","ping_status":"open","template":"template-fullwidth.php","meta":[],"_links":{"self":[{"href":"http:\/\/mediagents.fi\/mediagents\/wp-json\/wp\/v2\/pages\/145"}],"collection":[{"href":"http:\/\/mediagents.fi\/mediagents\/wp-json\/wp\/v2\/pages"}],"about":[{"href":"http:\/\/mediagents.fi\/mediagents\/wp-json\/wp\/v2\/types\/page"}],"author":[{"embeddable":true,"href":"http:\/\/mediagents.fi\/mediagents\/wp-json\/wp\/v2\/users\/1"}],"replies":[{"embeddable":true,"href":"http:\/\/mediagents.fi\/mediagents\/wp-json\/wp\/v2\/comments?post=145"}],"version-history":[{"count":68,"href":"http:\/\/mediagents.fi\/mediagents\/wp-json\/wp\/v2\/pages\/145\/revisions"}],"predecessor-version":[{"id":508,"href":"http:\/\/mediagents.fi\/mediagents\/wp-json\/wp\/v2\/pages\/145\/revisions\/508"}],"wp:featuredmedia":[{"embeddable":true,"href":"http:\/\/mediagents.fi\/mediagents\/wp-json\/wp\/v2\/media\/155"}],"wp:attachment":[{"href":"http:\/\/mediagents.fi\/mediagents\/wp-json\/wp\/v2\/media?parent=145"}],"curies":[{"name":"wp","href":"https:\/\/api.w.org\/{rel}","templated":true}]}}