{"id":6,"date":"2013-11-11T19:33:00","date_gmt":"2013-11-11T17:33:00","guid":{"rendered":"http:\/\/127.0.0.1\/mediagents\/?page_id=6"},"modified":"2016-04-15T14:01:40","modified_gmt":"2016-04-15T11:01:40","slug":"yritys","status":"publish","type":"page","link":"http:\/\/mediagents.fi\/mediagents\/yritys\/","title":{"rendered":"Yritys"},"content":{"rendered":"<div>\n<p align=\"left\">Monimediatalo Mediagents Oy on\u00a0monimediaiseen mainontaan, markkinointiin ja AV-tuottamiseen erikoistunut yritys. Osaamistamme ovat erilaiset video- ja \u00e4\u00e4nituotannot sek\u00e4 AV-alaan ja esiintymiseen liittyv\u00e4t koulutukset.<\/p>\n<p align=\"left\">Yrityksemme tuotantoteamit ovat sopiva kombinaatio alan vankkaa kokemusta ja nuoruuden intoa. Meill\u00e4 on erityisesti kokemusta siit\u00e4, miten ty\u00f6t tehd\u00e4\u00e4n joustavasti ja tehokkaasti.<\/p>\n<p align=\"left\"><a href=\"http:\/\/mediagents.fi\/mediagents\/wp-content\/uploads\/2014\/03\/kuvatorni.jpg\"><img loading=\"lazy\" class=\"alignleft wp-image-224\" src=\"http:\/\/mediagents.fi\/mediagents\/wp-content\/uploads\/2014\/03\/kuvatorni.jpg\" alt=\"kuvatorni\" width=\"288\" height=\"152\" srcset=\"http:\/\/mediagents.fi\/mediagents\/wp-content\/uploads\/2014\/03\/kuvatorni.jpg 360w, http:\/\/mediagents.fi\/mediagents\/wp-content\/uploads\/2014\/03\/kuvatorni-300x158.jpg 300w\" sizes=\"(max-width: 288px) 100vw, 288px\" \/><\/a><\/p>\n<p>Toimitilamme, studio ja editit sijaitsevat perinteikk\u00e4\u00e4ss\u00e4 Oulunkyl\u00e4n Seurahuoneen talossa Larin Ky\u00f6stin tie 7:ss\u00e4. Samassa rakennuksessa toimi aikoinaan my\u00f6s Oulunkyl\u00e4n Pop &amp; Jazz -konservatorio. Studiomme sijainti on ihanteellinen &#8211; meill\u00e4 asioidessasi selvi\u00e4t ilman liikenneruuhkia ja pys\u00e4k\u00f6intiongelmia. Mediagentsin Ogelin studio onkin oiva paikka videoiden kuvauksiin ja kuvamateriaalin editointiin, haastaviin \u00e4\u00e4nieditointeihin, miksauksiin, ohjelmien speakien, tunnusmusiikkien ja muun musiikin \u00e4\u00e4nitt\u00e4miseen. <a href=\"http:\/\/mediagents.fi\/mediagents\/wp-content\/uploads\/2013\/11\/kuvaslogan.jpg\"><img loading=\"lazy\" class=\" wp-image-106 alignright\" src=\"http:\/\/mediagents.fi\/mediagents\/wp-content\/uploads\/2013\/11\/kuvaslogan.jpg\" alt=\"kuvaslogan\" width=\"405\" height=\"203\" srcset=\"http:\/\/mediagents.fi\/mediagents\/wp-content\/uploads\/2013\/11\/kuvaslogan.jpg 450w, http:\/\/mediagents.fi\/mediagents\/wp-content\/uploads\/2013\/11\/kuvaslogan-300x150.jpg 300w\" sizes=\"(max-width: 405px) 100vw, 405px\" \/><\/a> Meilt\u00e4 l\u00f6ytyy niin AV-alan tekniset ammattilaiset ja laitteet (\u00e4\u00e4ni, kuva, valaisu, leikkaus) kuin alan tuotannolliset osaajat (mm. tuottajat, toimittajat ja kuvaussihteerit). Monimediatalo Mediagents Oy on osakeyhti\u00f6.\u00a0Aloitimme toimintamme vuonna 2002. Olemme koko ajan enemm\u00e4n esill\u00e4 my\u00f6s eri TV-kanavilla ohjelmista vastaavana independent -tuotantoyhti\u00f6n\u00e4.<\/p>\n<\/div>\n<div><strong>N\u00e4ilt\u00e4 sivuilta l\u00f6yd\u00e4t lis\u00e4tietoja toiminnastamme.\u00a0Mukavaa kun kiinnostuit!<\/strong><\/div>\n<p align=\"left\">\n","protected":false},"excerpt":{"rendered":"<p>Monimediatalo Mediagents Oy on\u00a0monimediaiseen mainontaan, markkinointiin ja AV-tuottamiseen erikoistunut yritys. Osaamistamme ovat erilaiset video- ja \u00e4\u00e4nituotannot sek\u00e4 AV-alaan ja esiintymiseen liittyv\u00e4t koulutukset. Yrityksemme tuotantoteamit ovat sopiva kombinaatio alan vankkaa kokemusta ja nuoruuden intoa. Meill\u00e4 on erityisesti kokemusta siit\u00e4, miten ty\u00f6t tehd\u00e4\u00e4n joustavasti ja tehokkaasti. Toimitilamme, studio ja editit sijaitsevat perinteikk\u00e4\u00e4ss\u00e4<\/p>\n","protected":false},"author":1,"featured_media":60,"parent":0,"menu_order":0,"comment_status":"closed","ping_status":"closed","template":"template-fullwidth.php","meta":[],"_links":{"self":[{"href":"http:\/\/mediagents.fi\/mediagents\/wp-json\/wp\/v2\/pages\/6"}],"collection":[{"href":"http:\/\/mediagents.fi\/mediagents\/wp-json\/wp\/v2\/pages"}],"about":[{"href":"http:\/\/mediagents.fi\/mediagents\/wp-json\/wp\/v2\/types\/page"}],"author":[{"embeddable":true,"href":"http:\/\/mediagents.fi\/mediagents\/wp-json\/wp\/v2\/users\/1"}],"replies":[{"embeddable":true,"href":"http:\/\/mediagents.fi\/mediagents\/wp-json\/wp\/v2\/comments?post=6"}],"version-history":[{"count":81,"href":"http:\/\/mediagents.fi\/mediagents\/wp-json\/wp\/v2\/pages\/6\/revisions"}],"predecessor-version":[{"id":673,"href":"http:\/\/mediagents.fi\/mediagents\/wp-json\/wp\/v2\/pages\/6\/revisions\/673"}],"wp:featuredmedia":[{"embeddable":true,"href":"http:\/\/mediagents.fi\/mediagents\/wp-json\/wp\/v2\/media\/60"}],"wp:attachment":[{"href":"http:\/\/mediagents.fi\/mediagents\/wp-json\/wp\/v2\/media?parent=6"}],"curies":[{"name":"wp","href":"https:\/\/api.w.org\/{rel}","templated":true}]}}