{"id":65,"date":"2014-03-07T20:23:15","date_gmt":"2014-03-07T18:23:15","guid":{"rendered":"http:\/\/mediagents.fi\/mediagents\/?page_id=65"},"modified":"2014-05-08T13:39:36","modified_gmt":"2014-05-08T10:39:36","slug":"aanta","status":"publish","type":"page","link":"http:\/\/mediagents.fi\/mediagents\/aanta\/","title":{"rendered":"\u00c4\u00e4nt\u00e4"},"content":{"rendered":"<p><strong><\/strong><strong>\u00c4\u00e4nitys ja Miksaus<\/strong><\/p>\n<div>\n<p>Tarjoamme \u00e4\u00e4nitys- ja miksauspalveluja. Tuotamme musiikki\u00e4\u00e4nitteet alusta loppuun valmiiksi masteriksi. \u00c4\u00e4nitys voi tapahtua studiollamme tai artistin live-keikalla. Live-taltioinnit ovatkin erikoisalaamme. Keikkakalustolla \u00e4\u00e4nit\u00e4mme ja taltioimme keikat kovalevyille, siirr\u00e4mme materiaalin ty\u00f6asemaan, editoimme, miksaamme ja tuotamme valmiin masterin.<\/p>\n<p>Liikkuva keikkakalustomme on mielek\u00e4s ja kustannustehokas tapa tallentaa \u00e4\u00e4niraidoille teknisesti hyv\u00e4laatuinen materiaali, josta v\u00e4littyy kuulijalle live-keikan energisyys.<\/p>\n<p><a href=\"http:\/\/mediagents.fi\/mediagents\/wp-content\/uploads\/2014\/03\/kuvamusiikki_radio.jpg\"><img loading=\"lazy\" class=\"alignleft size-full wp-image-264\" alt=\"kuvamusiikki_radio\" src=\"http:\/\/mediagents.fi\/mediagents\/wp-content\/uploads\/2014\/03\/kuvamusiikki_radio.jpg\" width=\"285\" height=\"220\" \/><\/a><\/p>\n<\/div>\n<div>\n<p>&nbsp;<\/p>\n<p>&nbsp;<\/p>\n<p><strong>J\u00e4lkituotanto<\/strong><\/p>\n<p>Meilt\u00e4 l\u00f6ytyy osaamista esimerkiksi elokuvan, videon tai muun teoksen \u00e4\u00e4nieditointiin, \u00e4\u00e4nileikkaukseen ja miksaukseen. Meilt\u00e4 saat my\u00f6s tarvitsemiasi \u00e4\u00e4nitehosteita ja toteutamme \u00e4\u00e4nen siirtoja formaateista toisiin.<\/p>\n<p>&nbsp;<\/p>\n<p>&nbsp;<\/p>\n<p><a href=\"http:\/\/mediagents.fi\/mediagents\/wp-content\/uploads\/2014\/03\/kuvaarttujamarzi.jpg\"><img loading=\"lazy\" class=\" wp-image-267 alignright\" alt=\"kuvaarttujamarzi\" src=\"http:\/\/mediagents.fi\/mediagents\/wp-content\/uploads\/2014\/03\/kuvaarttujamarzi.jpg\" width=\"292\" height=\"389\" srcset=\"http:\/\/mediagents.fi\/mediagents\/wp-content\/uploads\/2014\/03\/kuvaarttujamarzi.jpg 540w, http:\/\/mediagents.fi\/mediagents\/wp-content\/uploads\/2014\/03\/kuvaarttujamarzi-225x300.jpg 225w\" sizes=\"(max-width: 292px) 100vw, 292px\" \/><\/a><\/p>\n<p>&nbsp;<\/p>\n<p><strong>Radiomainokset<\/strong><\/p>\n<p>\u00c4\u00e4nit\u00e4mme mainoksen eri osat kuten puheen, tehosteet, musiikin ja muun tarvittavan materiaalin. Tarvittaessa voimme toteuttaa tuotannon kaikkialla miss\u00e4 on s\u00e4hk\u00f6\u00e4, vaikkapa omassa ty\u00f6huoneessanne.<\/p>\n<p><strong>Musiikki ja ohjelmatunnarit<\/strong><\/p>\n<p>Musiikkivelhoiltamme luonnistuu my\u00f6s musiikkikappaleiden s\u00e4vellys-, sanoitus- ja sovitusty\u00f6.<br \/>\nMonien vuosien varrella seuraamiesi TV-ohjelmien ja -ohjelmasarjojen tunnusmusiikit ovat heid\u00e4n k\u00e4sialaansa.<\/p>\n<\/div>\n","protected":false},"excerpt":{"rendered":"<p>\u00c4\u00e4nitys ja Miksaus Tarjoamme \u00e4\u00e4nitys- ja miksauspalveluja. Tuotamme musiikki\u00e4\u00e4nitteet alusta loppuun valmiiksi masteriksi. \u00c4\u00e4nitys voi tapahtua studiollamme tai artistin live-keikalla. Live-taltioinnit ovatkin erikoisalaamme. Keikkakalustolla \u00e4\u00e4nit\u00e4mme ja taltioimme keikat kovalevyille, siirr\u00e4mme materiaalin ty\u00f6asemaan, editoimme, miksaamme ja tuotamme valmiin masterin. Liikkuva keikkakalustomme on mielek\u00e4s ja kustannustehokas tapa tallentaa \u00e4\u00e4niraidoille teknisesti hyv\u00e4laatuinen materiaali,<\/p>\n","protected":false},"author":1,"featured_media":82,"parent":0,"menu_order":0,"comment_status":"open","ping_status":"open","template":"template-fullwidth.php","meta":[],"_links":{"self":[{"href":"http:\/\/mediagents.fi\/mediagents\/wp-json\/wp\/v2\/pages\/65"}],"collection":[{"href":"http:\/\/mediagents.fi\/mediagents\/wp-json\/wp\/v2\/pages"}],"about":[{"href":"http:\/\/mediagents.fi\/mediagents\/wp-json\/wp\/v2\/types\/page"}],"author":[{"embeddable":true,"href":"http:\/\/mediagents.fi\/mediagents\/wp-json\/wp\/v2\/users\/1"}],"replies":[{"embeddable":true,"href":"http:\/\/mediagents.fi\/mediagents\/wp-json\/wp\/v2\/comments?post=65"}],"version-history":[{"count":35,"href":"http:\/\/mediagents.fi\/mediagents\/wp-json\/wp\/v2\/pages\/65\/revisions"}],"predecessor-version":[{"id":504,"href":"http:\/\/mediagents.fi\/mediagents\/wp-json\/wp\/v2\/pages\/65\/revisions\/504"}],"wp:featuredmedia":[{"embeddable":true,"href":"http:\/\/mediagents.fi\/mediagents\/wp-json\/wp\/v2\/media\/82"}],"wp:attachment":[{"href":"http:\/\/mediagents.fi\/mediagents\/wp-json\/wp\/v2\/media?parent=65"}],"curies":[{"name":"wp","href":"https:\/\/api.w.org\/{rel}","templated":true}]}}