{"id":68,"date":"2014-03-07T20:23:46","date_gmt":"2014-03-07T18:23:46","guid":{"rendered":"http:\/\/mediagents.fi\/mediagents\/?page_id=68"},"modified":"2014-05-08T13:45:35","modified_gmt":"2014-05-08T10:45:35","slug":"kuvaa","status":"publish","type":"page","link":"http:\/\/mediagents.fi\/mediagents\/kuvaa\/","title":{"rendered":"Kuvaa"},"content":{"rendered":"<p><strong>Kuvaa &#8211; luovaa suunnittelua ja joustavaa tuotantoa<\/strong><\/p>\n<p>Videotuotantoja intohimolla ja rakkaudella.\u00a0TV-mainokset, mainosvideot,\u00a0tuotevideot,\u00a0yritysvideot ja -esittelyt ja muut markkinointivideot avaimet k\u00e4teen -periaatteella.<\/p>\n<p>Kun haluat viesti\u00e4 n\u00e4ytt\u00e4v\u00e4sti ja luotettavasti, on videokuva tai animaatio varmasti yksi tehokkaimmista tavoista.<\/p>\n<p><a href=\"http:\/\/mediagents.fi\/mediagents\/wp-content\/uploads\/2014\/03\/kuvakamera2.jpg\"><img loading=\"lazy\" class=\"alignleft size-full wp-image-248\" alt=\"kuvakamera2\" src=\"http:\/\/mediagents.fi\/mediagents\/wp-content\/uploads\/2014\/03\/kuvakamera2.jpg\" width=\"285\" height=\"260\" \/><\/a><\/p>\n<p>&nbsp;<\/p>\n<p>&nbsp;<\/p>\n<p>Tarjoamme \u00a0tuotantoty\u00f6ryhm\u00e4n, jonka monipuolinen kokemus takaa laadukkaan toteutuksen. Kuvallista erityisosaamistamme ovat kraana-, steadicam-, ilma- ja vedenalaiskuvaukset.<\/p>\n<p>Henkil\u00f6st\u00f6mme on viikottain tekem\u00e4ss\u00e4 my\u00f6s TV-kanavilla esitett\u00e4vi\u00e4\u00a0ohjelmia, dokumentteja ja tv-sarjoja.<\/p>\n<p>Meilt\u00e4 saat my\u00f6s valosuunnittelun ja valaisijat vaativampaankin tarpeeseen ja t\u00e4m\u00e4n lis\u00e4ksi tarjoamme my\u00f6s editointi-, animointi- ja grafiikkapalveluita.<\/p>\n<p>&nbsp;<\/p>\n<p><a style=\"text-decoration: underline;\" href=\"http:\/\/mediagents.fi\/mediagents\/wp-content\/uploads\/2014\/03\/kuvakamera.jpg\"><img loading=\"lazy\" class=\" wp-image-207 alignright\" alt=\"kuvakamera\" src=\"http:\/\/mediagents.fi\/mediagents\/wp-content\/uploads\/2014\/03\/kuvakamera.jpg\" width=\"384\" height=\"256\" srcset=\"http:\/\/mediagents.fi\/mediagents\/wp-content\/uploads\/2014\/03\/kuvakamera.jpg 600w, http:\/\/mediagents.fi\/mediagents\/wp-content\/uploads\/2014\/03\/kuvakamera-300x200.jpg 300w, http:\/\/mediagents.fi\/mediagents\/wp-content\/uploads\/2014\/03\/kuvakamera-450x300.jpg 450w\" sizes=\"(max-width: 384px) 100vw, 384px\" \/><\/a><\/p>\n<p>&nbsp;<\/p>\n<p>&nbsp;<\/p>\n<p>Osaavaan tuotantopalvelu-tiimiimme kuuluu my\u00f6s dokumentti- ja monikameraohjaajia, toimittajia, tuottajia, kuvaussihteereit\u00e4, maskeeraajia ja puvustussuunnittelijoita.<\/p>\n<p>Mediagents toimii vahvasti itsen\u00e4isen\u00e4 tuotantoyhti\u00f6n\u00e4, joka jalostaa ja tuottaa ohjelmaideoita TV-kanaville valmiiksi ohjelmiksi, ohjelmasarjoiksi ja formaateiksi.<\/p>\n<p>&nbsp;<\/p>\n<p><span style=\"font-size: 0.95em; line-height: 1.6em;\">\u00a0<\/span><\/p>\n<p>&nbsp;<\/p>\n","protected":false},"excerpt":{"rendered":"<p>Kuvaa &#8211; luovaa suunnittelua ja joustavaa tuotantoa Videotuotantoja intohimolla ja rakkaudella.\u00a0TV-mainokset, mainosvideot,\u00a0tuotevideot,\u00a0yritysvideot ja -esittelyt ja muut markkinointivideot avaimet k\u00e4teen -periaatteella. Kun haluat viesti\u00e4 n\u00e4ytt\u00e4v\u00e4sti ja luotettavasti, on videokuva tai animaatio varmasti yksi tehokkaimmista tavoista. &nbsp; &nbsp; Tarjoamme \u00a0tuotantoty\u00f6ryhm\u00e4n, jonka monipuolinen kokemus takaa laadukkaan toteutuksen. Kuvallista erityisosaamistamme ovat kraana-, steadicam-, ilma-<\/p>\n","protected":false},"author":1,"featured_media":83,"parent":0,"menu_order":0,"comment_status":"open","ping_status":"open","template":"template-fullwidth.php","meta":[],"_links":{"self":[{"href":"http:\/\/mediagents.fi\/mediagents\/wp-json\/wp\/v2\/pages\/68"}],"collection":[{"href":"http:\/\/mediagents.fi\/mediagents\/wp-json\/wp\/v2\/pages"}],"about":[{"href":"http:\/\/mediagents.fi\/mediagents\/wp-json\/wp\/v2\/types\/page"}],"author":[{"embeddable":true,"href":"http:\/\/mediagents.fi\/mediagents\/wp-json\/wp\/v2\/users\/1"}],"replies":[{"embeddable":true,"href":"http:\/\/mediagents.fi\/mediagents\/wp-json\/wp\/v2\/comments?post=68"}],"version-history":[{"count":42,"href":"http:\/\/mediagents.fi\/mediagents\/wp-json\/wp\/v2\/pages\/68\/revisions"}],"predecessor-version":[{"id":506,"href":"http:\/\/mediagents.fi\/mediagents\/wp-json\/wp\/v2\/pages\/68\/revisions\/506"}],"wp:featuredmedia":[{"embeddable":true,"href":"http:\/\/mediagents.fi\/mediagents\/wp-json\/wp\/v2\/media\/83"}],"wp:attachment":[{"href":"http:\/\/mediagents.fi\/mediagents\/wp-json\/wp\/v2\/media?parent=68"}],"curies":[{"name":"wp","href":"https:\/\/api.w.org\/{rel}","templated":true}]}}