{"id":71,"date":"2014-03-07T20:24:22","date_gmt":"2014-03-07T18:24:22","guid":{"rendered":"http:\/\/mediagents.fi\/mediagents\/?page_id=71"},"modified":"2014-05-15T10:15:37","modified_gmt":"2014-05-15T07:15:37","slug":"koulutusta","status":"publish","type":"page","link":"http:\/\/mediagents.fi\/mediagents\/koulutusta\/","title":{"rendered":"Koulutusta"},"content":{"rendered":"<p><strong>Viestint\u00e4- ja esiintymiskoulutus<\/strong><\/p>\n<div>\n<p>Hyv\u00e4\u00e4 esiintymistaitoa tarvitaan nykyisin joka paikassa. Varsinkin onnistunut esiintyminen televisiossa vaatii osaamista. Esiintyj\u00e4n kokemattomuus paljastuu herk\u00e4sti tv-l\u00e4hetyksiss\u00e4. T\u00e4ll\u00f6in peli on jo menetetty, eik\u00e4 sanoma mene perille.<\/p>\n<p>Mediagentsin j\u00e4rjest\u00e4m\u00e4t viestint\u00e4- ja esiintymiskoulutukset r\u00e4\u00e4t\u00e4l\u00f6id\u00e4\u00e4n yksil\u00f6llisesti kunkin tarpeen mukaisiksi. Tarjoamme kahta koulutuspakettia.<\/p>\n<p><a href=\"http:\/\/mediagents.fi\/mediagents\/wp-content\/uploads\/2014\/03\/kuvakoulutus.jpg\"><img loading=\"lazy\" class=\"alignleft  wp-image-261\" src=\"http:\/\/mediagents.fi\/mediagents\/wp-content\/uploads\/2014\/03\/kuvakoulutus.jpg\" alt=\"kuvakoulutus\" width=\"288\" height=\"212\" srcset=\"http:\/\/mediagents.fi\/mediagents\/wp-content\/uploads\/2014\/03\/kuvakoulutus.jpg 320w, http:\/\/mediagents.fi\/mediagents\/wp-content\/uploads\/2014\/03\/kuvakoulutus-300x220.jpg 300w\" sizes=\"(max-width: 288px) 100vw, 288px\" \/><\/a><\/p>\n<\/div>\n<div>\n<p>&nbsp;<\/p>\n<p><strong>Media- ja tv-koulutus<\/strong><\/p>\n<p>T\u00e4m\u00e4 on tarkoitettu kaikille, jotka ovat tekemisiss\u00e4 median ja television kanssa. Erityisesti poliitikoille ja muille p\u00e4\u00e4t\u00f6ksentekij\u00f6ille. Mediagents on kouluttanut muun muassa kansanedustajia, ty\u00f6markkinajohtajia, yliopistojen ja korkeakoulujen johtoa sek\u00e4 eri etuj\u00e4rjest\u00f6jen edustajia.<\/p>\n<p>Yksip\u00e4iv\u00e4isell\u00e4 kurssilla keskityt\u00e4\u00e4n median yleisiin pelis\u00e4\u00e4nt\u00f6ihin ja toimintatapoihin sek\u00e4 k\u00e4yt\u00e4nn\u00f6n harjoituksiin tv-studiossa. P\u00e4\u00e4m\u00e4\u00e4r\u00e4n\u00e4 on onnistunut tv-esiintyminen ja sanoman perillemeno.<\/p>\n<p><a href=\"http:\/\/mediagents.fi\/mediagents\/wp-content\/uploads\/2014\/03\/Tarmo-Ropponen-haastattelukuva.jpg\"><img loading=\"lazy\" class=\"alignright wp-image-586\" src=\"http:\/\/mediagents.fi\/mediagents\/wp-content\/uploads\/2014\/03\/Tarmo-Ropponen-haastattelukuva.jpg\" alt=\"Tarmo Ropponen haastattelukuva\" width=\"580\" height=\"322\" srcset=\"http:\/\/mediagents.fi\/mediagents\/wp-content\/uploads\/2014\/03\/Tarmo-Ropponen-haastattelukuva.jpg 629w, http:\/\/mediagents.fi\/mediagents\/wp-content\/uploads\/2014\/03\/Tarmo-Ropponen-haastattelukuva-300x166.jpg 300w\" sizes=\"(max-width: 580px) 100vw, 580px\" \/><\/a><\/p>\n<p>&nbsp;<\/p>\n<p>Mediaosuus koskee koko alaa: televisiota, radiota, sanomalehdist\u00f6\u00e4 ja sosiaalista mediaa. Kurssilla kerrotaan tiedotusv\u00e4lineiden ty\u00f6skentelytavoista ja haastateltavan oikeuksista median suuntaan. Mik\u00e4 on l\u00e4hdesuoja? Miten virheet oikaistaan? Saako perua sanomansa?<\/p>\n<p>Tv-osuudessa selvitet\u00e4\u00e4n esiintymiseen valmistautumista ja k\u00e4ytt\u00e4ytymist\u00e4 erilaisissa haastattelutilanteissa. P\u00e4\u00e4paino on tv:n uutis- ja ajankohtaisl\u00e4hetyksiss\u00e4, joissa vaaditaan kyky\u00e4 kiteytt\u00e4\u00e4 sanoma lyhyeksi, ytimekk\u00e4\u00e4ksi ja ymm\u00e4rrett\u00e4v\u00e4ksi. Studioharjoitukset ovat haastatteluja, joissa keskityt\u00e4\u00e4n luontevaan ja uskottavaan esiintymiseen. Ne analysoidaan yhdess\u00e4 koulutettavan kanssa.<\/p>\n<p>Kouluttajina ovat kokeneet media- ja tv-ammattilaiset: toimittaja Tarmo Ropponen ja ohjaaja Kalevi Uusivuori. Koulutus on yksil\u00f6llist\u00e4 ja luottamuksellista.<\/p>\n<p>Koulutettavien m\u00e4\u00e4r\u00e4 1-6 p\u00e4iv\u00e4\u00e4 kohti.<\/p>\n<p>&nbsp;<\/p>\n<p><strong>Henkil\u00f6kohtainen opastus<\/strong><\/p>\n<\/div>\n<div>\n<p>Mediagents tarjoaa peruskurssinsa lis\u00e4ksi henkil\u00f6kohtaista ja syvent\u00e4v\u00e4\u00e4 media-alan opastusta. P\u00e4\u00e4paino on onnistuneessa ja tehokkaassa viestinn\u00e4ss\u00e4 televisiossa, radiossa ja lehdist\u00f6ss\u00e4.<\/p>\n<p>Sanoman perillemeno vaatii oikean tiedotusv\u00e4lineen valinnan lis\u00e4ksi selke\u00e4\u00e4 ja ytimek\u00e4st\u00e4 esiintymist\u00e4 ja kirjoittamista.<br \/>\nEsiintyminen yleis\u00f6n edess\u00e4 on my\u00f6s osa onnistunutta viestint\u00e4\u00e4 &#8211; muillekin kuin poliitikoille. Sekin on opittavissa oleva taitolaji.<\/p>\n<p>Kouluttajana toimittaja Tarmo Ropponen.<\/p>\n<p>&nbsp;<\/p>\n<p><strong>Mediagentsit kouluttaa my\u00f6s uusia AV-alan osaajia<\/strong><\/p>\n<p>Olemme tehneet AV-alan koulutusyhteisty\u00f6t\u00e4 mm. Adultan Radio- ja televisio-opistossa, Keski-Uudenmaan ammattiopistossa (KEUDA), Elokuva- ja televisiotekniikan ja -tuotannon opetuksen suunnittelussa ja toteutuksessa (ETV). Olemme olleet koulutusteht\u00e4viss\u00e4 my\u00f6s muissa alan johtavissa oppilaitoksissa, kuten Arcada, Metropolia, Teatterikorkeakoulu,\u00a0Tampereen konservatorio ja Sibelius-akatemia.<\/p>\n<p>Vastuullamme on vuosien varrella ollut my\u00f6s laajasti eri oppilaitoksille j\u00e4rjestettyj\u00e4 lyhytkursseja, kuten Tuotannon projektinhallinta, AV-tuotannon prosessit, Kuvaus- ja Valaisu, Protools -perusteet ja muita \u00e4\u00e4nity\u00f6n koulutuksia.<\/p>\n<p>Saat meilt\u00e4 my\u00f6s omiin tarpeisiisi suunniteltua koulutusta. Erilaiset koulutuksemme kattavat tuotannon, kuvaamisen, valaisun, leikkauksen sek\u00e4 monet muut ohjelmaty\u00f6n alat.<\/p>\n<\/div>\n","protected":false},"excerpt":{"rendered":"<p>Viestint\u00e4- ja esiintymiskoulutus Hyv\u00e4\u00e4 esiintymistaitoa tarvitaan nykyisin joka paikassa. Varsinkin onnistunut esiintyminen televisiossa vaatii osaamista. Esiintyj\u00e4n kokemattomuus paljastuu herk\u00e4sti tv-l\u00e4hetyksiss\u00e4. T\u00e4ll\u00f6in peli on jo menetetty, eik\u00e4 sanoma mene perille. Mediagentsin j\u00e4rjest\u00e4m\u00e4t viestint\u00e4- ja esiintymiskoulutukset r\u00e4\u00e4t\u00e4l\u00f6id\u00e4\u00e4n yksil\u00f6llisesti kunkin tarpeen mukaisiksi. Tarjoamme kahta koulutuspakettia. &nbsp; Media- ja tv-koulutus T\u00e4m\u00e4 on tarkoitettu kaikille,<\/p>\n","protected":false},"author":1,"featured_media":85,"parent":0,"menu_order":0,"comment_status":"open","ping_status":"open","template":"template-fullwidth.php","meta":[],"_links":{"self":[{"href":"http:\/\/mediagents.fi\/mediagents\/wp-json\/wp\/v2\/pages\/71"}],"collection":[{"href":"http:\/\/mediagents.fi\/mediagents\/wp-json\/wp\/v2\/pages"}],"about":[{"href":"http:\/\/mediagents.fi\/mediagents\/wp-json\/wp\/v2\/types\/page"}],"author":[{"embeddable":true,"href":"http:\/\/mediagents.fi\/mediagents\/wp-json\/wp\/v2\/users\/1"}],"replies":[{"embeddable":true,"href":"http:\/\/mediagents.fi\/mediagents\/wp-json\/wp\/v2\/comments?post=71"}],"version-history":[{"count":47,"href":"http:\/\/mediagents.fi\/mediagents\/wp-json\/wp\/v2\/pages\/71\/revisions"}],"predecessor-version":[{"id":600,"href":"http:\/\/mediagents.fi\/mediagents\/wp-json\/wp\/v2\/pages\/71\/revisions\/600"}],"wp:featuredmedia":[{"embeddable":true,"href":"http:\/\/mediagents.fi\/mediagents\/wp-json\/wp\/v2\/media\/85"}],"wp:attachment":[{"href":"http:\/\/mediagents.fi\/mediagents\/wp-json\/wp\/v2\/media?parent=71"}],"curies":[{"name":"wp","href":"https:\/\/api.w.org\/{rel}","templated":true}]}}