{"id":723,"date":"2019-02-03T14:04:05","date_gmt":"2019-02-03T12:04:05","guid":{"rendered":"http:\/\/mediagents.fi\/mediagents\/?page_id=723"},"modified":"2019-02-03T14:19:40","modified_gmt":"2019-02-03T12:19:40","slug":"kirjavideo","status":"publish","type":"page","link":"http:\/\/mediagents.fi\/mediagents\/kirjavideo\/","title":{"rendered":"kirjavideo"},"content":{"rendered":"<h5 style=\"text-align: center;\"><strong>Hei<\/strong><\/h5>\n<h6 style=\"text-align: center;\"><strong>www.kirjavideo.fi -palvelu ei ole en\u00e4\u00e4n k\u00e4yt\u00f6ss\u00e4.<\/strong><\/h6>\n<h6 style=\"text-align: center;\"><strong>Kiitos kiinnostuksesta ja hauskoja lukuhetki\u00e4 toivottaa &#8221;ext kirjavideo-v\u00e4ki&#8221; \ud83d\ude42<\/strong><\/h6>\n<p><img loading=\"lazy\" class=\"size-full wp-image-735 aligncenter\" src=\"http:\/\/mediagents.fi\/mediagents\/wp-content\/uploads\/2019\/02\/logokirjavideo-1.png\" alt=\"\" width=\"197\" height=\"96\" \/><\/p>\n<p>&nbsp;<\/p>\n<p><strong>Ext Kirjavideo.fi ideana oli:<\/strong><\/p>\n<p>Tuottaa ja toteuttaa esittelyvideoita mielenkiintoisista kirjoista ja kirjailijoista. Niiss\u00e4 valoitimme lukijoille teoksien taustoja.<\/p>\n<p>N\u00e4in kirjan\u00a0henki, kirjailijan ajatukset ja persoona muuttuivat el\u00e4viksi.\u00a0Pyrkimyksemme oli, ett\u00e4 jokainen video oli k\u00e4sitelt\u00e4v\u00e4n kirjan ja my\u00f6s sen kirjoittajan n\u00e4k\u00f6inen.<\/p>\n<p><a href=\"http:\/\/www.kirjavideo.fi\"><img loading=\"lazy\" class=\"wp-image-175 alignleft\" src=\"http:\/\/mediagents.fi\/mediagents\/wp-content\/uploads\/2014\/03\/kuvakirjavideo.jpg\" alt=\"kuvakirjavideo\" width=\"626\" height=\"563\" srcset=\"http:\/\/mediagents.fi\/mediagents\/wp-content\/uploads\/2014\/03\/kuvakirjavideo.jpg 695w, http:\/\/mediagents.fi\/mediagents\/wp-content\/uploads\/2014\/03\/kuvakirjavideo-300x270.jpg 300w\" sizes=\"(max-width: 626px) 100vw, 626px\" \/><\/a><\/p>\n<p>&nbsp;<\/p>\n","protected":false},"excerpt":{"rendered":"<p>Hei www.kirjavideo.fi -palvelu ei ole en\u00e4\u00e4n k\u00e4yt\u00f6ss\u00e4. Kiitos kiinnostuksesta ja hauskoja lukuhetki\u00e4 toivottaa &#8221;ext kirjavideo-v\u00e4ki&#8221; \ud83d\ude42 &nbsp; Ext Kirjavideo.fi ideana oli: Tuottaa ja toteuttaa esittelyvideoita mielenkiintoisista kirjoista ja kirjailijoista. Niiss\u00e4 valoitimme lukijoille teoksien taustoja. N\u00e4in kirjan\u00a0henki, kirjailijan ajatukset ja persoona muuttuivat el\u00e4viksi.\u00a0Pyrkimyksemme oli, ett\u00e4 jokainen video oli k\u00e4sitelt\u00e4v\u00e4n kirjan ja<\/p>\n","protected":false},"author":1,"featured_media":154,"parent":0,"menu_order":0,"comment_status":"closed","ping_status":"closed","template":"template-fullwidth.php","meta":[],"_links":{"self":[{"href":"http:\/\/mediagents.fi\/mediagents\/wp-json\/wp\/v2\/pages\/723"}],"collection":[{"href":"http:\/\/mediagents.fi\/mediagents\/wp-json\/wp\/v2\/pages"}],"about":[{"href":"http:\/\/mediagents.fi\/mediagents\/wp-json\/wp\/v2\/types\/page"}],"author":[{"embeddable":true,"href":"http:\/\/mediagents.fi\/mediagents\/wp-json\/wp\/v2\/users\/1"}],"replies":[{"embeddable":true,"href":"http:\/\/mediagents.fi\/mediagents\/wp-json\/wp\/v2\/comments?post=723"}],"version-history":[{"count":10,"href":"http:\/\/mediagents.fi\/mediagents\/wp-json\/wp\/v2\/pages\/723\/revisions"}],"predecessor-version":[{"id":737,"href":"http:\/\/mediagents.fi\/mediagents\/wp-json\/wp\/v2\/pages\/723\/revisions\/737"}],"wp:featuredmedia":[{"embeddable":true,"href":"http:\/\/mediagents.fi\/mediagents\/wp-json\/wp\/v2\/media\/154"}],"wp:attachment":[{"href":"http:\/\/mediagents.fi\/mediagents\/wp-json\/wp\/v2\/media?parent=723"}],"curies":[{"name":"wp","href":"https:\/\/api.w.org\/{rel}","templated":true}]}}