{"id":75,"date":"2014-03-07T20:25:43","date_gmt":"2014-03-07T18:25:43","guid":{"rendered":"http:\/\/mediagents.fi\/mediagents\/?page_id=75"},"modified":"2014-05-08T13:54:10","modified_gmt":"2014-05-08T10:54:10","slug":"studio","status":"publish","type":"page","link":"http:\/\/mediagents.fi\/mediagents\/studio\/","title":{"rendered":"Studio"},"content":{"rendered":"<p>Mediagentsin Ogelin studiolla meill\u00e4 on hyv\u00e4soundinen analogi\u00e4\u00e4nip\u00f6yt\u00e4, laadukkaat mikrofonit sek\u00e4 muut lis\u00e4vermeet ja mik\u00e4 t\u00e4rkeint\u00e4 &#8211; ammattilaiset niit\u00e4 k\u00e4ytt\u00e4m\u00e4\u00e4n. Studiomme soveltuu hyvin pohjasoitto-, laulatus-. p\u00e4\u00e4lle\u00e4\u00e4nitys- ja miksaustarpeisiin.<\/p>\n<p><a href=\"http:\/\/mediagents.fi\/mediagents\/wp-content\/uploads\/2014\/03\/kuvamikki.jpg\"><img loading=\"lazy\" class=\"alignleft size-full wp-image-123\" alt=\"kuvamikki\" src=\"http:\/\/mediagents.fi\/mediagents\/wp-content\/uploads\/2014\/03\/kuvamikki.jpg\" width=\"240\" height=\"260\" \/><\/a><\/p>\n<p>&nbsp;<\/p>\n<p>Studiopalvelumme sis\u00e4lt\u00e4\u00e4 \u00e4\u00e4nilevyn esituotannon, studioj\u00e4rjestelyt, \u00e4\u00e4nitysty\u00f6n, editoinnit, miksaukset ja muun ohjauksen musiikin tuottamiseksi valmiiksi \u00e4\u00e4nilevyksi tai muuksi \u00e4\u00e4nituotteeksi.<\/p>\n<p>Voimme my\u00f6s ottaa tuotevastuun, jolloin vastaamme \u00e4\u00e4nitysten teknisist\u00e4 kysymyksist\u00e4 ja toimimme tuotantoprosessin musiikillisena, sis\u00e4ll\u00f6llisen\u00e4 ja teknisen\u00e4 ohjaajana.<\/p>\n<p>Tsekkaa esimerkkej\u00e4 Ogelin studiossa tehdyist\u00e4 levyist\u00e4 DUUNEJA sivulta!<\/p>\n<p><a href=\"http:\/\/mediagents.fi\/mediagents\/wp-content\/uploads\/2014\/03\/kuvastudioogeli.jpg\"><img loading=\"lazy\" class=\"alignright size-full wp-image-129\" alt=\"kuvastudioogeli\" src=\"http:\/\/mediagents.fi\/mediagents\/wp-content\/uploads\/2014\/03\/kuvastudioogeli.jpg\" width=\"676\" height=\"420\" srcset=\"http:\/\/mediagents.fi\/mediagents\/wp-content\/uploads\/2014\/03\/kuvastudioogeli.jpg 676w, http:\/\/mediagents.fi\/mediagents\/wp-content\/uploads\/2014\/03\/kuvastudioogeli-300x186.jpg 300w\" sizes=\"(max-width: 676px) 100vw, 676px\" \/><\/a><\/p>\n<p>&nbsp;<\/p>\n<p>\u00c4\u00e4nistudion varustus:<\/p>\n<p>Soundtracs JADE-S 32\/32 analoginen inline-\u00e4\u00e4nip\u00f6yt\u00e4<br \/>\nApple Mac Pro<br \/>\nDigidesign ProTools HD 3\/96<br \/>\nSSL XLogic Madi AX interfacet \/ muuntimet<br \/>\nMackie 626 studio monitorit<br \/>\nYamaha NS-10 studio monitorit<\/p>\n<p>Outboard:<br \/>\nTubeTech-, PreQ3-, MS-, Multimix-,\u00a0Neve-, \u00a0TC Electronics- ja Rantanen-preampit<br \/>\nDistressor-, Urei LA-4-,\u00a0SPL-, DBX-, Eventide- ja DeltaLab-prosessorit<br \/>\nLexicon 200-, PCM 90-reverbs<\/p>\n<p><a href=\"http:\/\/mediagents.fi\/mediagents\/wp-content\/uploads\/2014\/03\/kuvapaavot.jpg\"><img loading=\"lazy\" class=\"alignleft size-medium wp-image-134\" alt=\"kuvapaavot\" src=\"http:\/\/mediagents.fi\/mediagents\/wp-content\/uploads\/2014\/03\/kuvapaavot-259x300.jpg\" width=\"259\" height=\"300\" srcset=\"http:\/\/mediagents.fi\/mediagents\/wp-content\/uploads\/2014\/03\/kuvapaavot-259x300.jpg 259w, http:\/\/mediagents.fi\/mediagents\/wp-content\/uploads\/2014\/03\/kuvapaavot.jpg 380w\" sizes=\"(max-width: 259px) 100vw, 259px\" \/><\/a><\/p>\n<p>&nbsp;<\/p>\n<p>Microphones:<\/p>\n<p>Neumann \/ Sennheiser \/ Shure \/ AKG \/ Audio-Technica \/ Electro Voice<\/p>\n<p>Guitar amps:<br \/>\nMesa Boogie mkII \/ Fender Pro Reverb \/ Line6 AX2\/\u00a0POD \/ Tech21<br \/>\nMarshall JCM800\/50W ja Orange 100W -nupit<\/p>\n<p>Flyygeli:<br \/>\nBluthner vm. 1920 keskipitk\u00e4 flyygeli<\/p>\n<p>Synths:<br \/>\nRoland V-synth \/ Ensoniq EPS-sampler<\/p>\n","protected":false},"excerpt":{"rendered":"<p>Mediagentsin Ogelin studiolla meill\u00e4 on hyv\u00e4soundinen analogi\u00e4\u00e4nip\u00f6yt\u00e4, laadukkaat mikrofonit sek\u00e4 muut lis\u00e4vermeet ja mik\u00e4 t\u00e4rkeint\u00e4 &#8211; ammattilaiset niit\u00e4 k\u00e4ytt\u00e4m\u00e4\u00e4n. Studiomme soveltuu hyvin pohjasoitto-, laulatus-. p\u00e4\u00e4lle\u00e4\u00e4nitys- ja miksaustarpeisiin. &nbsp; Studiopalvelumme sis\u00e4lt\u00e4\u00e4 \u00e4\u00e4nilevyn esituotannon, studioj\u00e4rjestelyt, \u00e4\u00e4nitysty\u00f6n, editoinnit, miksaukset ja muun ohjauksen musiikin tuottamiseksi valmiiksi \u00e4\u00e4nilevyksi tai muuksi \u00e4\u00e4nituotteeksi. Voimme my\u00f6s ottaa tuotevastuun,<\/p>\n","protected":false},"author":1,"featured_media":86,"parent":0,"menu_order":0,"comment_status":"open","ping_status":"open","template":"template-fullwidth.php","meta":[],"_links":{"self":[{"href":"http:\/\/mediagents.fi\/mediagents\/wp-json\/wp\/v2\/pages\/75"}],"collection":[{"href":"http:\/\/mediagents.fi\/mediagents\/wp-json\/wp\/v2\/pages"}],"about":[{"href":"http:\/\/mediagents.fi\/mediagents\/wp-json\/wp\/v2\/types\/page"}],"author":[{"embeddable":true,"href":"http:\/\/mediagents.fi\/mediagents\/wp-json\/wp\/v2\/users\/1"}],"replies":[{"embeddable":true,"href":"http:\/\/mediagents.fi\/mediagents\/wp-json\/wp\/v2\/comments?post=75"}],"version-history":[{"count":24,"href":"http:\/\/mediagents.fi\/mediagents\/wp-json\/wp\/v2\/pages\/75\/revisions"}],"predecessor-version":[{"id":495,"href":"http:\/\/mediagents.fi\/mediagents\/wp-json\/wp\/v2\/pages\/75\/revisions\/495"}],"wp:featuredmedia":[{"embeddable":true,"href":"http:\/\/mediagents.fi\/mediagents\/wp-json\/wp\/v2\/media\/86"}],"wp:attachment":[{"href":"http:\/\/mediagents.fi\/mediagents\/wp-json\/wp\/v2\/media?parent=75"}],"curies":[{"name":"wp","href":"https:\/\/api.w.org\/{rel}","templated":true}]}}