{"id":78,"date":"2014-03-07T20:26:04","date_gmt":"2014-03-07T18:26:04","guid":{"rendered":"http:\/\/mediagents.fi\/mediagents\/?page_id=78"},"modified":"2019-06-11T13:35:28","modified_gmt":"2019-06-11T10:35:28","slug":"duuneja","status":"publish","type":"page","link":"http:\/\/mediagents.fi\/mediagents\/duuneja\/","title":{"rendered":"Duuneja"},"content":{"rendered":"<p><strong>MUKANA MONESSA<\/strong><\/p>\n<p>Vuosien varrella yhteisty\u00f6kumppaneita ja asiakkaitamme ovat ollet monet pienet, keskisuuret ja suuretkin suomalaiset yritykset, julkishallinnon tahot, erilaiset j\u00e4rjest\u00f6t ja puolueet.<br \/>\nVastaamme my\u00f6s jatkuvasti AV-alan henkil\u00f6st\u00f6tarpeisiin eri TV-kanavien palveluksessa. Mediagentsit ovat mukana toteuttamassa suoria l\u00e4hetyksi\u00e4 eri TV-kanaville. Kuvaamassa materiaalia ajankohtais- ja uutisl\u00e4hetyksiin. Editoimassa. Valaisemassa ja \u00e4\u00e4nitt\u00e4m\u00e4ss\u00e4 moninaisissa dokumentti-, elokuva- ja draamakuvauksissa.<\/p>\n<p><a href=\"http:\/\/mediagents.fi\/mediagents\/wp-content\/uploads\/2014\/03\/kuvaduunit.jpg\"><img loading=\"lazy\" class=\"alignleft wp-image-425\" src=\"http:\/\/mediagents.fi\/mediagents\/wp-content\/uploads\/2014\/03\/kuvaduunit.jpg\" alt=\"kuvaduunit\" width=\"261\" height=\"234\" \/><\/a><\/p>\n<p><strong>VIDEO-, MONIKAMERA-, ja <strong>WEBCAST-<\/strong>TUOTANNOT<\/strong><\/p>\n<p>T\u00e4m\u00e4n lis\u00e4ksi tuotamme ja kuvaamme omia ohjelmia ja projekteja, teemme kuva- ja valaisusuunnittelua ja videoeditointeja.<br \/>\nSeminaarit.net -palvelut olemme tuottaneet jo usean vuoden ajan yhteisty\u00f6ss\u00e4 Innoventum Oy:n kanssa.<\/p>\n<p>Asiakkaitamme mm.:<br \/>\nYleisradio Oy, Stockmann Oyj, Helsingin kaupunki \/ kaupunkisuunnitteluvirasto,\u00a0Helsingin kaupunki \/\u00a0Sosiaali- ja terveysvirasto,\u00a0Normark Suomi Oy,\u00a0Wihuri Oyj \/ Power Products, Fr\u00f6belin Palikat Oy,\u00a0Karisto Oy,\u00a0Kustannusyhti\u00f6 Tammi, Bazar Kustannus\u00a0Oy,\u00a0Maa ja mets\u00e4talousministeri\u00f6 (MMM)\u00a0, Valtionkonttori, Lahden kaupunki, Edita Publishing Ltd, Citat Oy,\u00a0Werner S\u00f6derstr\u00f6m Osakeyhti\u00f6,\u00a0Rantasalmen kunta,\u00a0Expomark Oy,\u00a0Koko Jazz Club, Keski-Suomen Osuuspankki,\u00a0Lakimiesyhdistys,\u00a0Keski-Uudenmaan koulutuskuntayhtym\u00e4,\u00a0Suomalaisen Kirjallisuuden Seura, Kustannusosakeyhti\u00f6 Otava\u00a0jne.<\/p>\n<p>Lasse Keson ohjaama dokumenttielokuva TOLONEN on parhaillaan elokuvateattereissa ymp\u00e4ri Suomen (ensi-ilta 2.5.2014). Tuore\u00a0dokumentti\u00a0seuraa huippukitaristi\u00a0Jukka Tolosta\u00a0fanin n\u00e4k\u00f6kulmasta. Muun muassa Tasavallan Presidentist\u00e4 tutun\u00a0Jukka Tolosen\u00a0uraa\u00a0ja el\u00e4m\u00e4\u00e4 huippukitaristina ja s\u00e4velt\u00e4j\u00e4n\u00e4. Miehen uran 1970- ja 1980-lukujen nousukausi Skandinaviassa ja Euroopassa vaihtui 1990-luvulla alam\u00e4eksi.<\/p>\n<p>Elokuva on leikattu Ogelin editiss\u00e4 ja sen kohtauksista moni, mm. <a title=\"Levykauppax linkki\" href=\"http:\/\/www.levykauppax.fi\/artist\/tolonen_jukka\/play_tolonen\/#cd\" target=\"_blank\" rel=\"noopener\"><strong><span style=\"color: #0000ff;\">Tolonen, Jukka \/ K\u00e4m\u00e4r\u00e4inen, Toppola, Viinikainen : Play Tolonen -soudtrack levy<\/span><span style=\"color: #0000ff;\">n<\/span><\/strong><\/a> \u00e4\u00e4nitys-sessiosta, on kuvattu Ogelin studiolla. Tuotantotiimimme oli vahvasti mukana toteuttamassa Lassen unelmaa &#8211; dokumenttielokuvaa kitaristilegenda Jukka Tolosesta.<\/p>\n<p>Lis\u00e4\u00e4:\u00a0<a title=\"tolonendoc.com linkki\" href=\"http:\/\/www.tolonendoc.com\/\" target=\"_blank\" rel=\"noopener\"><span style=\"color: #0000ff;\"><strong>http:\/\/www.tolonendoc.com\/<\/strong><\/span><\/a><\/p>\n<p><iframe width=\"650\" height=\"366\" src=\"https:\/\/www.youtube.com\/embed\/ENA6ED3wovE?feature=oembed\" frameborder=\"0\" allow=\"accelerometer; autoplay; encrypted-media; gyroscope; picture-in-picture\" allowfullscreen><\/iframe><\/p>\n<p><strong>Esimerkkej\u00e4 muutamista monimediatoteutuksista<\/strong><\/p>\n<p>Internet-, DVD- ja TV-toteutukset, kaikki suunnitellusti ja -samalla kertaa.<br \/>\nT\u00e4st\u00e4 hyv\u00e4n\u00e4 esimerkkin\u00e4 mm.:<br \/>\nPieni\u00e4 tarinoita lapsen oikeuksista -tuotanto, oli Mediagentsin monimediallinen yhteistuotanto YLE Teeman ja UNICEFin kanssa. (TV, DVD ja Internet-streaming toteutukset)\u00a0Tuotimme my\u00f6s YLE TV2:n lastenohjelmille LIVE-konsertti koosteen (kesto n. 30&#8242;). Toteutimme konsertista samalla my\u00f6s kokopitk\u00e4n LIVE-konsertin kattavan DVD:n.<\/p>\n<p>Esimerkkin\u00e4 toimii hyvin my\u00f6s alla oleva traileri Finnkino Oy:n ja Fr\u00f6belin Palikat Oy:n kanssa toteutetusta &#8221;Jaksaa Heilua&#8221; DVD-tuotannosta.<\/p>\n<p><iframe width=\"650\" height=\"366\" src=\"https:\/\/www.youtube.com\/embed\/I68cSQbPBrA?feature=oembed\" frameborder=\"0\" allow=\"accelerometer; autoplay; encrypted-media; gyroscope; picture-in-picture\" allowfullscreen><\/iframe><\/p>\n<p><strong>Tutustuthan my\u00f6s<\/strong> ideoimiimme ja toteuttamiimme\u00a0<strong><span style=\"color: #0000ff;\"><a title=\"UlkonaTV linkki\" href=\"http:\/\/www.ulkonatv.fi\" target=\"_blank\" rel=\"noopener\"><span style=\"color: #0000ff;\">UlkonaTV<\/span><\/a><\/span> ja <span style=\"color: #0000ff;\"><a title=\"Kirjavideo linkki\" href=\"http:\/\/mediagents.fi\/mediagents\/kirjavideo\/\" target=\"_blank\" rel=\"noopener\"><span style=\"color: #0000ff;\">Kirjavideo<\/span><\/a><\/span> -portaaleihin!<\/strong><\/p>\n<p>&nbsp;<\/p>\n<p><strong>KOULUTUS<\/strong><\/p>\n<p><strong>Viestint\u00e4- ja esiintymiskoulutus<\/strong><\/p>\n<p>Olemme j\u00e4rjest\u00e4neet jo noin kahdeksan vuoden ajan media- ja esiintymiskoulutuksia eri alojen p\u00e4\u00e4tt\u00e4jille, joiden teht\u00e4v\u00e4t ovat liittyneet julkishallintoon, j\u00e4rjest\u00f6ty\u00f6h\u00f6n, yliopistoteht\u00e4viin ja eri yrityksien johtamiseen sek\u00e4 tiedottamiseen.<\/p>\n<p>Olemme kouluttaneet my\u00f6s poliitikkoja, muun muassa kansanedustajia.<\/p>\n<p>Koulutuksen lis\u00e4ksi vastuullamme on ollut useita puheenjohtajuuksia ja moderaattorin teht\u00e4vi\u00e4 erilaisissa yritysten, j\u00e4rjest\u00f6jen ja julkishallinnon paneelikeskusteluissa, kokouksissa ja tilaisuuksissa ja luentoja eri oppilaitoksissa mediasta, mediakriittisyydest\u00e4 ja journalismista.<\/p>\n<p><strong>AV-alan koulutus<\/strong><\/p>\n<p>Yhteisty\u00f6t\u00e4 Adultan j\u00e4lkeen Keudassa.\u00a0ETV-opetuksen suunnittelua ja toteutusta Tuusulassa. Elokuva- ja televisiotekniikka ja -tuotanto eli ETV-koulutus on Audiovisuaalisen viestinn\u00e4n perus- ja ammattitutkintoon valmistava koulutus.<\/p>\n<p>Vastuullamme on my\u00f6s ollut useita Keudan j\u00e4rjest\u00e4mi\u00e4 lyhytkursseja, kuten Projektinhallinta, AV-tuotannon prosessit, Kuvaus- ja Valaisu, Pro-tools perusteet ja muita \u00e4\u00e4nity\u00f6n koulutuksia.<\/p>\n<p><strong>Muuta<\/strong><\/p>\n<p>\u00c4\u00e4nialan koulutusta Joensuun tiedepuistossa.\u00a0Opetusta eri oppilaitoksille mm. teatterikorkeakoululle.\u00a0Muita koulutustahoja ovat olleet mm. Arabian Pop\/Jazz- konservatorio, Arcada, Tampereen konservatorio ja Sibelius-akatemia.<\/p>\n<p>&#8221;\u00c4\u00e4rirajoilla&#8221;-b\u00e4ndileirill\u00e4 olimme antamassa musiikkiteknologiaa ja tuotantoa k\u00e4sittelev\u00e4\u00e4 opetusta. Osallistuimme my\u00f6s\u00a0yhteispohjoismaiseen AV-alan koulutustapahtumaan.\u00a0Kahden viikon yhteispohjoismainen kurssi j\u00e4rjestettiin F\u00e4rsaarilla.<\/p>\n<p>&nbsp;<\/p>\n<p><strong>MEDIAGENTSIN OMAT MUSIIKKI- JA LEVYTUOTANNOT<\/strong><\/p>\n<iframe width=\"640\" height=\"360\" scrolling=\"no\" frameborder=\"no\" src=\"https:\/\/w.soundcloud.com\/player?url=https%3A%2F%2Fapi.soundcloud.com%2Ftracks%2F136663099&visual=true&auto_play=false&hide_related=false\"><\/iframe>\n<p>T\u00e4ss\u00e4 my\u00f6s muutamia Mediagentsien tuottamia levyj\u00e4.<\/p>\n<p><a href=\"http:\/\/mediagents.fi\/mediagents\/wp-content\/uploads\/2014\/03\/kansi1.jpg\"><img loading=\"lazy\" class=\"alignleft wp-image-522\" src=\"http:\/\/mediagents.fi\/mediagents\/wp-content\/uploads\/2014\/03\/kansi1.jpg\" alt=\"kansi1\" width=\"156\" height=\"166\" \/><\/a> <a href=\"http:\/\/mediagents.fi\/mediagents\/wp-content\/uploads\/2014\/03\/kansi2.jpg\"><img loading=\"lazy\" class=\"alignleft wp-image-523\" src=\"http:\/\/mediagents.fi\/mediagents\/wp-content\/uploads\/2014\/03\/kansi2.jpg\" alt=\"kansi2\" width=\"159\" height=\"163\" \/><\/a> <a href=\"http:\/\/mediagents.fi\/mediagents\/wp-content\/uploads\/2014\/03\/kansi3.jpg\"><img loading=\"lazy\" class=\"alignleft wp-image-524\" src=\"http:\/\/mediagents.fi\/mediagents\/wp-content\/uploads\/2014\/03\/kansi3.jpg\" alt=\"kansi3\" width=\"154\" height=\"164\" \/><\/a> <a href=\"http:\/\/mediagents.fi\/mediagents\/wp-content\/uploads\/2014\/03\/kansi4.jpg\"><img loading=\"lazy\" class=\"alignleft wp-image-525\" src=\"http:\/\/mediagents.fi\/mediagents\/wp-content\/uploads\/2014\/03\/kansi4.jpg\" alt=\"kansi4\" width=\"154\" height=\"166\" \/><\/a> <a href=\"http:\/\/mediagents.fi\/mediagents\/wp-content\/uploads\/2014\/03\/kansi5.jpg\"><img loading=\"lazy\" class=\"alignleft wp-image-526\" src=\"http:\/\/mediagents.fi\/mediagents\/wp-content\/uploads\/2014\/03\/kansi5.jpg\" alt=\"kansi5\" width=\"155\" height=\"165\" \/><\/a><\/p>\n<p>&nbsp;<\/p>\n<p>&nbsp;<\/p>\n<p>&nbsp;<\/p>\n<p>&nbsp;<\/p>\n<p>&nbsp;<\/p>\n<p>&nbsp;<\/p>\n<p>&nbsp;<\/p>\n<p><strong>\u00c4\u00c4NITYS JA MIKSAUS<\/strong><\/p>\n<p><strong>Esimerkkej\u00e4 Ogelin studion viimeaikaisista sessioista.<\/strong><\/p>\n<p>Tehtyj\u00e4\u00a0t\u00f6it\u00e4:<\/p>\n<p>Heikki\u00a0Hela:\u00a0Lauantain\u00a0toivotut\u00a0levyt\u00a0(2004)<br \/>\nArttu\u00a0Takalo:\u00a0Neverstopdreaming\u00a0(2005)<br \/>\nMarzi\u00a0:\u00a0I\u00a0(2006)<br \/>\nArttu\u00a0Takalo:\u00a0Dark.dark.dark\u00a0(2006)<br \/>\nSF\u00a0Blues\u00a0:\u00a0Man\u00a0be\u00a0careful\u00a0(mix\u00a02007)<br \/>\nHeikki\u00a0Hela:\u00a0Hittej\u00e4\u00a0ja\u00a0hukkuneita\u00a0helmi\u00e4\u00a0(2007)<br \/>\nArttu\u00a0Takalo:\u00a0Protocols\u00a0of\u00a0dancing\u00a0(2008)<br \/>\nAgeness:\u00a0Songs\u00a0from\u00a0the\u00a0liar\u00b4s\u00a0liar\u00a0(2009)<br \/>\nFr\u00f6belin\u00a0palikat:\u00a0Hui\u00a0hai\u00a0(2009)<br \/>\nArttu\u00a0Takalo:\u00a0The\u00a0truth\u00a0in\u00a0dark\u00a0phrases\u00a0(2010)<br \/>\nThe\u00a0Great\u00a0Helsinki\u00a0Swing\u00a0Big\u00a0Band:\u00a0Swinging\u00a0Christmas\u00a0concert\u00a0(mix\u00a02010)<br \/>\nMatti\u00a0Salminen:\u00a0Lauluja\u00a0Turusta\u00a0(2010)<br \/>\nTango-orkesteri\u00a0Unto:\u00a0Kylm\u00e4\u00a0rakkaus\u00a0(2010)<br \/>\nJPP:\u00a0Live\u00a0in\u00a0Duluth\u00a0(mix\u00a02010)<br \/>\nLeningrad\u00a0cowboys:\u00a0Buena\u00a0vodka\u00a0social\u00a0club\u00a0(2011)<br \/>\nArttu\u00a0Takalo:\u00a0Songsforsadpeople\u00a0(2012)<br \/>\nFr\u00f6belin\u00a0palikat:\u00a0Jaksaa\u00a0heilua\u00a0(dvd\u00a02012)<br \/>\nHow\u00a0many\u00a0sisters:\u00a0Ik\u00e4v\u00e4\u00a0omia\u00a0maita\u00a0(2012)<br \/>\nTsuumi\u00a0Sound\u00a0System:\u00a0Floating\u00a0letters\u00a0(2013)<br \/>\nTuliset\u00a0Tenorit\u00a0(2013\u00a0ja\u00a02016)<br \/>\nArttu\u00a0Takalo:\u00a0Sept.naif\u00a0(2014)<br \/>\nSusanna\u00a0Haavisto:\u00a0T\u00e4ss\u00e4\u00a0i\u00e4ss\u00e4\u00a0(2014)<br \/>\nHusband:\u00a02007-2015\u00a0(2015)<br \/>\nSpeedy\u00a0Saarinen:\u00a0Speedy\u00a0Saarinen\u00a0(2015)<br \/>\nVallu\u00a0Lukka:\u00a0Hymni\u00a0tulelle\u00a0(2016)<br \/>\nPirjo\u00a0Aittom\u00e4ki:\u00a0Meid\u00e4n\u00a0piti\u00a0matkustaa\u00a0(2016)<br \/>\nSusanna\u00a0Haavisto:\u00a0Maailman\u00a0ihanin\u00a0tytt\u00f6\u00a0(2016)<br \/>\nL`alliance\u00a0Takalo\u00a0(2017)<br \/>\nJPP\u00a0&amp;\u00a0Pentti\u00a0Rasinkangas:\u00a0On\u00a0maailma\u00a0hiljaa\u00a0(2017)<br \/>\nLintuja\u00a0tuulessa\u00a0(2017)<br \/>\nHeikki\u00a0Hela:\u00a0Yhdess\u00e4\u00a0&amp;\u00a0erikseen\u00a0(2017)<br \/>\nMarzi:\u00a0Kelluva\u00a0katedraali\u00a0(2018)<br \/>\nFelis:\u00a0Winter\u00a0wonderland\u00a0(2018)<br \/>\nSeimiy\u00f6\u00a0(Iivanainen-Kalaniemi-Alakotila)\u00a0(2018)<br \/>\nTres\u00a0Finnj\u00e4vels:\u00a0Sarah\u00a0Jane\u00a0(single\u00a0ja\u00a0video\u00a02018)<br \/>\nKella\u00a0&amp;\u00a0Alakotila:\u00a0Mingled\u00a0years\u00a0(2018)<br \/>\nIlmavoimien\u00a0big\u00a0band:\u00a0Maisemakuvia\u00a0Suomesta\u00a0(mix\u00a02019)<br \/>\nArttu\u00a0Takalo:\u00a0Themanintehshadows\u00a0(2019)<br \/>\nAlexi\u00a0Tuomarila:\u00a0Sphere\u00a0(mix\u00a02019)<br \/>\nManuel\u00a0Dunkel:\u00a0Discoveries\u00a0(mix\u00a02019)<br \/>\nJarmo\u00a0Nikku:\u00a0Line\u00a0by\u00a0line\u00a0(mix\u00a02019)<br \/>\nTimo\u00a0Alakotila:\u00a0Live\u00a0at\u00a0G\u00a0Livelab\u00a0(mix\u00a02019)<\/p>\n","protected":false},"excerpt":{"rendered":"<p>MUKANA MONESSA Vuosien varrella yhteisty\u00f6kumppaneita ja asiakkaitamme ovat ollet monet pienet, keskisuuret ja suuretkin suomalaiset yritykset, julkishallinnon tahot, erilaiset j\u00e4rjest\u00f6t ja puolueet. Vastaamme my\u00f6s jatkuvasti AV-alan henkil\u00f6st\u00f6tarpeisiin eri TV-kanavien palveluksessa. Mediagentsit ovat mukana toteuttamassa suoria l\u00e4hetyksi\u00e4 eri TV-kanaville. Kuvaamassa materiaalia ajankohtais- ja uutisl\u00e4hetyksiin. Editoimassa. Valaisemassa ja \u00e4\u00e4nitt\u00e4m\u00e4ss\u00e4 moninaisissa dokumentti-, elokuva-<\/p>\n","protected":false},"author":1,"featured_media":84,"parent":0,"menu_order":0,"comment_status":"closed","ping_status":"closed","template":"template-fullwidth.php","meta":[],"_links":{"self":[{"href":"http:\/\/mediagents.fi\/mediagents\/wp-json\/wp\/v2\/pages\/78"}],"collection":[{"href":"http:\/\/mediagents.fi\/mediagents\/wp-json\/wp\/v2\/pages"}],"about":[{"href":"http:\/\/mediagents.fi\/mediagents\/wp-json\/wp\/v2\/types\/page"}],"author":[{"embeddable":true,"href":"http:\/\/mediagents.fi\/mediagents\/wp-json\/wp\/v2\/users\/1"}],"replies":[{"embeddable":true,"href":"http:\/\/mediagents.fi\/mediagents\/wp-json\/wp\/v2\/comments?post=78"}],"version-history":[{"count":78,"href":"http:\/\/mediagents.fi\/mediagents\/wp-json\/wp\/v2\/pages\/78\/revisions"}],"predecessor-version":[{"id":740,"href":"http:\/\/mediagents.fi\/mediagents\/wp-json\/wp\/v2\/pages\/78\/revisions\/740"}],"wp:featuredmedia":[{"embeddable":true,"href":"http:\/\/mediagents.fi\/mediagents\/wp-json\/wp\/v2\/media\/84"}],"wp:attachment":[{"href":"http:\/\/mediagents.fi\/mediagents\/wp-json\/wp\/v2\/media?parent=78"}],"curies":[{"name":"wp","href":"https:\/\/api.w.org\/{rel}","templated":true}]}}