{"id":11,"date":"2021-11-02T08:23:56","date_gmt":"2021-11-02T08:23:56","guid":{"rendered":"http:\/\/mediagents.fi\/MG\/?page_id=11"},"modified":"2025-03-20T14:40:54","modified_gmt":"2025-03-20T14:40:54","slug":"etusivu","status":"publish","type":"page","link":"https:\/\/mediagents.fi\/MG\/","title":{"rendered":"Etusivu"},"content":{"rendered":"\t\t<div data-elementor-type=\"wp-page\" data-elementor-id=\"11\" class=\"elementor elementor-11\" data-elementor-settings=\"[]\">\n\t\t\t\t\t\t\t<div class=\"elementor-section-wrap\">\n\t\t\t\t\t\t\t<section class=\"elementor-section elementor-top-section elementor-element elementor-element-23b3bd9 elementor-section-boxed elementor-section-height-default elementor-section-height-default\" data-id=\"23b3bd9\" data-element_type=\"section\">\n\t\t\t\t\t\t<div class=\"elementor-container elementor-column-gap-default\">\n\t\t\t\t\t<div class=\"elementor-column elementor-col-100 elementor-top-column elementor-element elementor-element-d76b903\" data-id=\"d76b903\" data-element_type=\"column\">\n\t\t\t<div class=\"elementor-widget-wrap elementor-element-populated\">\n\t\t\t\t\t\t\t\t\t<\/div>\n\t\t<\/div>\n\t\t\t\t\t\t\t<\/div>\n\t\t<\/section>\n\t\t\t\t<section class=\"elementor-section elementor-top-section elementor-element elementor-element-136e70e elementor-section-height-min-height elementor-section-boxed elementor-section-height-default elementor-section-items-middle elementor-invisible\" data-id=\"136e70e\" data-element_type=\"section\" data-settings=\"{&quot;background_background&quot;:&quot;classic&quot;,&quot;animation&quot;:&quot;fadeIn&quot;}\">\n\t\t\t\t\t\t<div class=\"elementor-container elementor-column-gap-default\">\n\t\t\t\t\t<div class=\"elementor-column elementor-col-16 elementor-top-column elementor-element elementor-element-cef2792 elementor-invisible\" data-id=\"cef2792\" data-element_type=\"column\" data-settings=\"{&quot;animation&quot;:&quot;fadeIn&quot;}\">\n\t\t\t<div class=\"elementor-widget-wrap elementor-element-populated\">\n\t\t\t\t\t\t\t\t<div class=\"elementor-element elementor-element-f5b6a7d elementor-align-justify elementor-invisible elementor-widget elementor-widget-button\" data-id=\"f5b6a7d\" data-element_type=\"widget\" data-settings=\"{&quot;_animation&quot;:&quot;fadeIn&quot;}\" data-widget_type=\"button.default\">\n\t\t\t\t<div class=\"elementor-widget-container\">\n\t\t\t\t\t<div class=\"elementor-button-wrapper\">\n\t\t\t<a href=\"http:\/\/mediagents.fi\/MG\/video\" class=\"elementor-button-link elementor-button elementor-size-sm elementor-animation-shrink\" role=\"button\">\n\t\t\t\t\t\t<span class=\"elementor-button-content-wrapper\">\n\t\t\t\t\t\t<span class=\"elementor-button-text\">VIDEO<\/span>\n\t\t<\/span>\n\t\t\t\t\t<\/a>\n\t\t<\/div>\n\t\t\t\t<\/div>\n\t\t\t\t<\/div>\n\t\t\t\t\t<\/div>\n\t\t<\/div>\n\t\t\t\t<div class=\"elementor-column elementor-col-16 elementor-top-column elementor-element elementor-element-651af4b elementor-invisible\" data-id=\"651af4b\" data-element_type=\"column\" data-settings=\"{&quot;animation&quot;:&quot;fadeIn&quot;}\">\n\t\t\t<div class=\"elementor-widget-wrap elementor-element-populated\">\n\t\t\t\t\t\t\t\t<div class=\"elementor-element elementor-element-11c7f0a elementor-align-justify elementor-invisible elementor-widget elementor-widget-button\" data-id=\"11c7f0a\" data-element_type=\"widget\" data-settings=\"{&quot;_animation&quot;:&quot;fadeIn&quot;}\" data-widget_type=\"button.default\">\n\t\t\t\t<div class=\"elementor-widget-container\">\n\t\t\t\t\t<div class=\"elementor-button-wrapper\">\n\t\t\t<a href=\"http:\/\/mediagents.fi\/MG\/stream\" class=\"elementor-button-link elementor-button elementor-size-sm elementor-animation-shrink\" role=\"button\">\n\t\t\t\t\t\t<span class=\"elementor-button-content-wrapper\">\n\t\t\t\t\t\t<span class=\"elementor-button-text\">STREAM<\/span>\n\t\t<\/span>\n\t\t\t\t\t<\/a>\n\t\t<\/div>\n\t\t\t\t<\/div>\n\t\t\t\t<\/div>\n\t\t\t\t\t<\/div>\n\t\t<\/div>\n\t\t\t\t<div class=\"elementor-column elementor-col-16 elementor-top-column elementor-element elementor-element-e1929e1 elementor-invisible\" data-id=\"e1929e1\" data-element_type=\"column\" data-settings=\"{&quot;animation&quot;:&quot;fadeIn&quot;}\">\n\t\t\t<div class=\"elementor-widget-wrap elementor-element-populated\">\n\t\t\t\t\t\t\t\t<div class=\"elementor-element elementor-element-c613e84 elementor-align-justify elementor-invisible elementor-widget elementor-widget-button\" data-id=\"c613e84\" data-element_type=\"widget\" data-settings=\"{&quot;_animation&quot;:&quot;fadeIn&quot;}\" data-widget_type=\"button.default\">\n\t\t\t\t<div class=\"elementor-widget-container\">\n\t\t\t\t\t<div class=\"elementor-button-wrapper\">\n\t\t\t<a href=\"http:\/\/mediagents.fi\/MG\/audio\" class=\"elementor-button-link elementor-button elementor-size-sm\" role=\"button\">\n\t\t\t\t\t\t<span class=\"elementor-button-content-wrapper\">\n\t\t\t\t\t\t<span class=\"elementor-button-text\">AUDIO<\/span>\n\t\t<\/span>\n\t\t\t\t\t<\/a>\n\t\t<\/div>\n\t\t\t\t<\/div>\n\t\t\t\t<\/div>\n\t\t\t\t\t<\/div>\n\t\t<\/div>\n\t\t\t\t<div class=\"elementor-column elementor-col-16 elementor-top-column elementor-element elementor-element-468ba4f elementor-invisible\" data-id=\"468ba4f\" data-element_type=\"column\" data-settings=\"{&quot;animation&quot;:&quot;fadeIn&quot;}\">\n\t\t\t<div class=\"elementor-widget-wrap elementor-element-populated\">\n\t\t\t\t\t\t\t\t<div class=\"elementor-element elementor-element-a9657a8 elementor-align-justify elementor-invisible elementor-widget elementor-widget-button\" data-id=\"a9657a8\" data-element_type=\"widget\" data-settings=\"{&quot;_animation&quot;:&quot;fadeIn&quot;}\" data-widget_type=\"button.default\">\n\t\t\t\t<div class=\"elementor-widget-container\">\n\t\t\t\t\t<div class=\"elementor-button-wrapper\">\n\t\t\t<a href=\"http:\/\/mediagents.fi\/MG\/studiot\" class=\"elementor-button-link elementor-button elementor-size-sm elementor-animation-shrink\" role=\"button\">\n\t\t\t\t\t\t<span class=\"elementor-button-content-wrapper\">\n\t\t\t\t\t\t<span class=\"elementor-button-text\">STUDIOT<\/span>\n\t\t<\/span>\n\t\t\t\t\t<\/a>\n\t\t<\/div>\n\t\t\t\t<\/div>\n\t\t\t\t<\/div>\n\t\t\t\t\t<\/div>\n\t\t<\/div>\n\t\t\t\t<div class=\"elementor-column elementor-col-16 elementor-top-column elementor-element elementor-element-43570d9 elementor-invisible\" data-id=\"43570d9\" data-element_type=\"column\" data-settings=\"{&quot;animation&quot;:&quot;fadeIn&quot;}\">\n\t\t\t<div class=\"elementor-widget-wrap elementor-element-populated\">\n\t\t\t\t\t\t\t\t<div class=\"elementor-element elementor-element-cf9dbd8 elementor-align-justify elementor-invisible elementor-widget elementor-widget-button\" data-id=\"cf9dbd8\" data-element_type=\"widget\" data-settings=\"{&quot;_animation&quot;:&quot;fadeIn&quot;}\" data-widget_type=\"button.default\">\n\t\t\t\t<div class=\"elementor-widget-container\">\n\t\t\t\t\t<div class=\"elementor-button-wrapper\">\n\t\t\t<a href=\"http:\/\/mediagents.fi\/MG\/tekijat\" class=\"elementor-button-link elementor-button elementor-size-sm elementor-animation-shrink\" role=\"button\">\n\t\t\t\t\t\t<span class=\"elementor-button-content-wrapper\">\n\t\t\t\t\t\t<span class=\"elementor-button-text\">TEKIJ\u00c4T<\/span>\n\t\t<\/span>\n\t\t\t\t\t<\/a>\n\t\t<\/div>\n\t\t\t\t<\/div>\n\t\t\t\t<\/div>\n\t\t\t\t\t<\/div>\n\t\t<\/div>\n\t\t\t\t<div class=\"elementor-column elementor-col-16 elementor-top-column elementor-element elementor-element-13593f8 elementor-invisible\" data-id=\"13593f8\" data-element_type=\"column\" data-settings=\"{&quot;animation&quot;:&quot;fadeIn&quot;}\">\n\t\t\t<div class=\"elementor-widget-wrap elementor-element-populated\">\n\t\t\t\t\t\t\t\t<div class=\"elementor-element elementor-element-ee9f2a2 elementor-align-justify elementor-invisible elementor-widget elementor-widget-button\" data-id=\"ee9f2a2\" data-element_type=\"widget\" data-settings=\"{&quot;_animation&quot;:&quot;fadeIn&quot;}\" data-widget_type=\"button.default\">\n\t\t\t\t<div class=\"elementor-widget-container\">\n\t\t\t\t\t<div class=\"elementor-button-wrapper\">\n\t\t\t<a href=\"http:\/\/mediagents.fi\/MG\/yhteistyossa\" class=\"elementor-button-link elementor-button elementor-size-sm elementor-animation-shrink\" role=\"button\">\n\t\t\t\t\t\t<span class=\"elementor-button-content-wrapper\">\n\t\t\t\t\t\t<span class=\"elementor-button-text\">YHTEISTY\u00d6SS\u00c4<\/span>\n\t\t<\/span>\n\t\t\t\t\t<\/a>\n\t\t<\/div>\n\t\t\t\t<\/div>\n\t\t\t\t<\/div>\n\t\t\t\t\t<\/div>\n\t\t<\/div>\n\t\t\t\t\t\t\t<\/div>\n\t\t<\/section>\n\t\t\t\t<section class=\"elementor-section elementor-top-section elementor-element elementor-element-5e7ae61 elementor-section-height-min-height elementor-section-boxed elementor-section-height-default elementor-section-items-middle elementor-invisible\" data-id=\"5e7ae61\" data-element_type=\"section\" data-settings=\"{&quot;background_background&quot;:&quot;classic&quot;,&quot;animation&quot;:&quot;fadeIn&quot;}\">\n\t\t\t\t\t\t<div class=\"elementor-container elementor-column-gap-default\">\n\t\t\t\t\t<div class=\"elementor-column elementor-col-100 elementor-top-column elementor-element elementor-element-a044ceb elementor-invisible\" data-id=\"a044ceb\" data-element_type=\"column\" data-settings=\"{&quot;background_background&quot;:&quot;classic&quot;,&quot;animation&quot;:&quot;fadeIn&quot;}\">\n\t\t\t<div class=\"elementor-widget-wrap elementor-element-populated\">\n\t\t\t\t\t\t\t\t<div class=\"elementor-element elementor-element-fdac9ce elementor-widget elementor-widget-image\" data-id=\"fdac9ce\" data-element_type=\"widget\" data-widget_type=\"image.default\">\n\t\t\t\t<div class=\"elementor-widget-container\">\n\t\t\t\t\t\t\t\t\t\t\t\t\t\t\t<img loading=\"lazy\" decoding=\"async\" width=\"768\" height=\"432\" src=\"https:\/\/mediagents.fi\/MG\/wp-content\/uploads\/2024\/05\/MEDIAGENTS-LOGO-8K-768x432.png\" class=\"attachment-medium_large size-medium_large\" alt=\"\" srcset=\"https:\/\/mediagents.fi\/MG\/wp-content\/uploads\/2024\/05\/MEDIAGENTS-LOGO-8K-768x432.png 768w, https:\/\/mediagents.fi\/MG\/wp-content\/uploads\/2024\/05\/MEDIAGENTS-LOGO-8K-300x169.png 300w, https:\/\/mediagents.fi\/MG\/wp-content\/uploads\/2024\/05\/MEDIAGENTS-LOGO-8K-1024x576.png 1024w, https:\/\/mediagents.fi\/MG\/wp-content\/uploads\/2024\/05\/MEDIAGENTS-LOGO-8K-1536x864.png 1536w, https:\/\/mediagents.fi\/MG\/wp-content\/uploads\/2024\/05\/MEDIAGENTS-LOGO-8K-2048x1152.png 2048w\" sizes=\"auto, (max-width: 768px) 100vw, 768px\" \/>\t\t\t\t\t\t\t\t\t\t\t\t\t\t\t<\/div>\n\t\t\t\t<\/div>\n\t\t\t\t<div class=\"elementor-element elementor-element-f797901 elementor-invisible elementor-widget elementor-widget-text-editor\" data-id=\"f797901\" data-element_type=\"widget\" data-settings=\"{&quot;_animation&quot;:&quot;fadeIn&quot;}\" data-widget_type=\"text-editor.default\">\n\t\t\t\t<div class=\"elementor-widget-container\">\n\t\t\t\t\t\t\t<p><strong><br><\/strong>Media<strong>Gent<\/strong><span style=\"font-size: 16px; color: #000000;\"> tarkoittaa enemm\u00e4n kuin vain media-alan herrashenkil\u00f6\u00e4 \u2013 se kuvastaa asennetta ja toimintatapaa.<\/span><\/p>\n<p>Gent on avulias, viisas ja reilu. H\u00e4n antaa avok\u00e4tisesti aikaansa, osaamistaan ja resurssejaan muiden hyv\u00e4ksi.<br>H\u00e4n valitsee positiivisuuden ja kohtelee kaikkia tasapuolisesti, luoden ymp\u00e4rilleen mukavan ty\u00f6ilmapiirin.<\/p>\n<p><b>Mediagents Oy<\/b>&nbsp;el\u00e4\u00e4 ja hengitt\u00e4\u00e4 Gents-periaatetta palvelemalla asiakkaitamme joustavasti, ratkaisukeskeisesti ja ammattitaidolla.<\/p>\n<h3 style=\"font-variant-ligatures: normal; font-variant-caps: normal; font-family: Alef, sans-serif; font-size: 16px; font-style: normal; font-weight: 400;\"><span style=\"font-size: 16px; font-weight: 600;\" data-start=\"483\" data-end=\"502\">Mit\u00e4 tarjoamme?<\/span><\/h3>\n<p style=\"font-variant-ligatures: normal; font-variant-caps: normal; font-family: Alef, sans-serif; font-size: 16px; font-style: normal; font-weight: 400;\">Tuotamme korkealaatuisia audiovisuaalisia sis\u00e4lt\u00f6j\u00e4 \u2013 ohjelmia, videoita, musiikkia ja live-streamauksia. <br>Tiimimme koostuu kokeneista ammattilaisista ja luovista tekij\u00f6ist\u00e4, jotka toteuttavat niin pienet kuin suuret tuotannot sujuvasti alusta loppuun.<\/p>\n<p style=\"font-variant-ligatures: normal; font-variant-caps: normal; font-family: Alef, sans-serif; font-size: 16px; font-style: normal; font-weight: 400;\"><span style=\"font-variant-ligatures: normal; font-variant-caps: normal; font-family: Alef, sans-serif; font-size: 16px; font-style: normal; font-weight: 400;\">Mediagents Oy on itsen\u00e4inen tuotantoyhti\u00f6, joka kehitt\u00e4\u00e4 ja toteuttaa ohjelmaideoita aina valmiiksi ohjelmiksi ja formaateiksi.&nbsp;<\/span><span style=\"font-size: 16px;\">Kokenut tiimimme yhdist\u00e4\u00e4 vahvan osaamisen ja luovan n\u00e4kemyksen, jotta jokainen tuotanto on laadukas ja ainutlaatuinen.<\/span><\/p>\t\t\t\t\t\t<\/div>\n\t\t\t\t<\/div>\n\t\t\t\t<div class=\"elementor-element elementor-element-bc8d9c1 elementor-align-center elementor-invisible elementor-widget elementor-widget-button\" data-id=\"bc8d9c1\" data-element_type=\"widget\" data-settings=\"{&quot;_animation&quot;:&quot;fadeIn&quot;}\" data-widget_type=\"button.default\">\n\t\t\t\t<div class=\"elementor-widget-container\">\n\t\t\t\t\t<div class=\"elementor-button-wrapper\">\n\t\t\t<a href=\"https:\/\/mediagents.fi\/MG\/yhteystiedot\/\" class=\"elementor-button-link elementor-button elementor-size-sm\" role=\"button\">\n\t\t\t\t\t\t<span class=\"elementor-button-content-wrapper\">\n\t\t\t\t\t\t<span class=\"elementor-button-icon elementor-align-icon-left\">\n\t\t\t\t<i aria-hidden=\"true\" class=\"far fa-address-card\"><\/i>\t\t\t<\/span>\n\t\t\t\t\t\t<span class=\"elementor-button-text\">OTA YHTEYTT\u00c4<\/span>\n\t\t<\/span>\n\t\t\t\t\t<\/a>\n\t\t<\/div>\n\t\t\t\t<\/div>\n\t\t\t\t<\/div>\n\t\t\t\t<div class=\"elementor-element elementor-element-0045464 elementor-widget elementor-widget-spacer\" data-id=\"0045464\" data-element_type=\"widget\" data-widget_type=\"spacer.default\">\n\t\t\t\t<div class=\"elementor-widget-container\">\n\t\t\t\t\t<div class=\"elementor-spacer\">\n\t\t\t<div class=\"elementor-spacer-inner\"><\/div>\n\t\t<\/div>\n\t\t\t\t<\/div>\n\t\t\t\t<\/div>\n\t\t\t\t<div class=\"elementor-element elementor-element-96a8b20 elementor-arrows-position-inside elementor-pagination-position-outside elementor-invisible elementor-widget elementor-widget-image-carousel\" data-id=\"96a8b20\" data-element_type=\"widget\" data-settings=\"{&quot;slides_to_show&quot;:&quot;2&quot;,&quot;autoplay_speed&quot;:3000,&quot;_animation&quot;:&quot;fadeIn&quot;,&quot;navigation&quot;:&quot;both&quot;,&quot;autoplay&quot;:&quot;yes&quot;,&quot;pause_on_hover&quot;:&quot;yes&quot;,&quot;pause_on_interaction&quot;:&quot;yes&quot;,&quot;infinite&quot;:&quot;yes&quot;,&quot;speed&quot;:500}\" data-widget_type=\"image-carousel.default\">\n\t\t\t\t<div class=\"elementor-widget-container\">\n\t\t\t\t\t<div class=\"elementor-image-carousel-wrapper swiper-container\" dir=\"ltr\">\n\t\t\t<div class=\"elementor-image-carousel swiper-wrapper\">\n\t\t\t\t\t\t\t\t<div class=\"swiper-slide\"><figure class=\"swiper-slide-inner\"><img decoding=\"async\" class=\"swiper-slide-image\" src=\"https:\/\/mediagents.fi\/MG\/wp-content\/uploads\/2022\/01\/kuvaogelipikku2.jpg\" alt=\"kuvaogelipikku2\" \/><\/figure><\/div><div class=\"swiper-slide\"><figure class=\"swiper-slide-inner\"><img decoding=\"async\" class=\"swiper-slide-image\" src=\"https:\/\/mediagents.fi\/MG\/wp-content\/uploads\/2025\/03\/3.GIMMEABBA1920x1080px2-300x169.png\" alt=\"3.+GIMME+ABBA!+(1920+x+1080+px)+(2)\" \/><\/figure><\/div><div class=\"swiper-slide\"><figure class=\"swiper-slide-inner\"><img decoding=\"async\" class=\"swiper-slide-image\" src=\"https:\/\/mediagents.fi\/MG\/wp-content\/uploads\/2022\/01\/LK_valkoinen_rgb-300x141.jpg\" alt=\"LK_valkoinen_rgb\" \/><\/figure><\/div><div class=\"swiper-slide\"><figure class=\"swiper-slide-inner\"><img decoding=\"async\" class=\"swiper-slide-image\" src=\"https:\/\/mediagents.fi\/MG\/wp-content\/uploads\/2022\/02\/ogeli_sessiokuvia-8-300x169.jpg\" alt=\"ogeli_sessiokuvia-8\" \/><\/figure><\/div><div class=\"swiper-slide\"><figure class=\"swiper-slide-inner\"><img decoding=\"async\" class=\"swiper-slide-image\" src=\"https:\/\/mediagents.fi\/MG\/wp-content\/uploads\/2022\/01\/studio_kuvia-9-300x200.jpg\" alt=\"studio_kuvia-9\" \/><\/figure><\/div><div class=\"swiper-slide\"><figure class=\"swiper-slide-inner\"><img decoding=\"async\" class=\"swiper-slide-image\" src=\"https:\/\/mediagents.fi\/MG\/wp-content\/uploads\/2022\/02\/stream-keikalta-scaled-e1742481312309-300x220.jpg\" alt=\"stream-keikalta\" \/><\/figure><\/div><div class=\"swiper-slide\"><figure class=\"swiper-slide-inner\"><img decoding=\"async\" class=\"swiper-slide-image\" src=\"https:\/\/mediagents.fi\/MG\/wp-content\/uploads\/2024\/05\/vlcsnap-2024-05-20-19h49m51s738-300x169.png\" alt=\"vlcsnap-2024-05-20-19h49m51s738\" \/><\/figure><\/div><div class=\"swiper-slide\"><figure class=\"swiper-slide-inner\"><img decoding=\"async\" class=\"swiper-slide-image\" src=\"https:\/\/mediagents.fi\/MG\/wp-content\/uploads\/2022\/02\/ogeli_sessiokuvia-18-300x169.jpg\" alt=\"ogeli_sessiokuvia-18\" \/><\/figure><\/div><div class=\"swiper-slide\"><figure class=\"swiper-slide-inner\"><img decoding=\"async\" class=\"swiper-slide-image\" src=\"https:\/\/mediagents.fi\/MG\/wp-content\/uploads\/2024\/05\/studiokuva3-300x173.jpg\" alt=\"studiokuva3\" \/><\/figure><\/div><div class=\"swiper-slide\"><figure class=\"swiper-slide-inner\"><img decoding=\"async\" class=\"swiper-slide-image\" src=\"https:\/\/mediagents.fi\/MG\/wp-content\/uploads\/2024\/05\/editti-e1742481379972-300x197.jpg\" alt=\"editti\" \/><\/figure><\/div><div class=\"swiper-slide\"><figure class=\"swiper-slide-inner\"><img decoding=\"async\" class=\"swiper-slide-image\" src=\"https:\/\/mediagents.fi\/MG\/wp-content\/uploads\/2022\/01\/Kansikuva-highreso-300x200.jpg\" alt=\"Kansikuva highreso\" \/><\/figure><\/div><div class=\"swiper-slide\"><figure class=\"swiper-slide-inner\"><img decoding=\"async\" class=\"swiper-slide-image\" src=\"https:\/\/mediagents.fi\/MG\/wp-content\/uploads\/2022\/01\/studio_kuvat-12-300x195.jpg\" alt=\"studio_kuvat-12\" \/><\/figure><\/div>\t\t\t<\/div>\n\t\t\t\t\t\t\t\t\t\t\t\t<div class=\"swiper-pagination\"><\/div>\n\t\t\t\t\t\t\t\t\t\t\t\t\t<div class=\"elementor-swiper-button elementor-swiper-button-prev\">\n\t\t\t\t\t\t<i class=\"eicon-chevron-left\" aria-hidden=\"true\"><\/i>\n\t\t\t\t\t\t<span class=\"elementor-screen-only\">Previous<\/span>\n\t\t\t\t\t<\/div>\n\t\t\t\t\t<div class=\"elementor-swiper-button elementor-swiper-button-next\">\n\t\t\t\t\t\t<i class=\"eicon-chevron-right\" aria-hidden=\"true\"><\/i>\n\t\t\t\t\t\t<span class=\"elementor-screen-only\">Next<\/span>\n\t\t\t\t\t<\/div>\n\t\t\t\t\t\t\t\t\t<\/div>\n\t\t\t\t<\/div>\n\t\t\t\t<\/div>\n\t\t\t\t\t<\/div>\n\t\t<\/div>\n\t\t\t\t\t\t\t<\/div>\n\t\t<\/section>\n\t\t\t\t<section class=\"elementor-section elementor-top-section elementor-element elementor-element-58909b0 elementor-section-height-min-height elementor-section-boxed elementor-section-height-default elementor-section-items-middle elementor-invisible\" data-id=\"58909b0\" data-element_type=\"section\" data-settings=\"{&quot;background_background&quot;:&quot;classic&quot;,&quot;animation&quot;:&quot;fadeIn&quot;}\">\n\t\t\t\t\t\t<div class=\"elementor-container elementor-column-gap-default\">\n\t\t\t\t\t<div class=\"elementor-column elementor-col-100 elementor-top-column elementor-element elementor-element-3aee0cb elementor-invisible\" data-id=\"3aee0cb\" data-element_type=\"column\" data-settings=\"{&quot;animation&quot;:&quot;fadeIn&quot;}\">\n\t\t\t<div class=\"elementor-widget-wrap elementor-element-populated\">\n\t\t\t\t\t\t\t\t<div class=\"elementor-element elementor-element-bc1b18d e-grid-align-tablet-left e-grid-align-mobile-left elementor-shape-rounded elementor-grid-0 e-grid-align-center elementor-invisible elementor-widget elementor-widget-social-icons\" data-id=\"bc1b18d\" data-element_type=\"widget\" data-settings=\"{&quot;_animation&quot;:&quot;fadeIn&quot;}\" data-widget_type=\"social-icons.default\">\n\t\t\t\t<div class=\"elementor-widget-container\">\n\t\t\t\t\t<div class=\"elementor-social-icons-wrapper elementor-grid\">\n\t\t\t\t\t\t\t<span class=\"elementor-grid-item\">\n\t\t\t\t\t<a class=\"elementor-icon elementor-social-icon elementor-social-icon-facebook elementor-repeater-item-4e14d72\" href=\"https:\/\/www.facebook.com\/mediagents\/\" target=\"_blank\">\n\t\t\t\t\t\t<span class=\"elementor-screen-only\">Facebook<\/span>\n\t\t\t\t\t\t<i class=\"fab fa-facebook\"><\/i>\t\t\t\t\t<\/a>\n\t\t\t\t<\/span>\n\t\t\t\t\t\t\t<span class=\"elementor-grid-item\">\n\t\t\t\t\t<a class=\"elementor-icon elementor-social-icon elementor-social-icon-instagram elementor-repeater-item-c511cb4\" href=\"https:\/\/www.instagram.com\/mediagentsoy\/\" target=\"_blank\">\n\t\t\t\t\t\t<span class=\"elementor-screen-only\">Instagram<\/span>\n\t\t\t\t\t\t<i class=\"fab fa-instagram\"><\/i>\t\t\t\t\t<\/a>\n\t\t\t\t<\/span>\n\t\t\t\t\t\t\t<span class=\"elementor-grid-item\">\n\t\t\t\t\t<a class=\"elementor-icon elementor-social-icon elementor-social-icon-linkedin elementor-repeater-item-a3453bf\" href=\"https:\/\/www.linkedin.com\/company\/monimediatalo-mediagents-oy\/\" target=\"_blank\">\n\t\t\t\t\t\t<span class=\"elementor-screen-only\">Linkedin<\/span>\n\t\t\t\t\t\t<i class=\"fab fa-linkedin\"><\/i>\t\t\t\t\t<\/a>\n\t\t\t\t<\/span>\n\t\t\t\t\t<\/div>\n\t\t\t\t<\/div>\n\t\t\t\t<\/div>\n\t\t\t\t<div class=\"elementor-element elementor-element-9f2ee2a elementor-invisible elementor-widget elementor-widget-text-editor\" data-id=\"9f2ee2a\" data-element_type=\"widget\" data-settings=\"{&quot;_animation&quot;:&quot;fadeIn&quot;}\" data-widget_type=\"text-editor.default\">\n\t\t\t\t<div class=\"elementor-widget-container\">\n\t\t\t\t\t\t\t<p>Monimediatalo Mediagents Oy Larin Ky\u00f6stin tie 7<\/p><p>00650 Helsinki FINLAND<\/p><p>+358 44 368 6388<\/p>\t\t\t\t\t\t<\/div>\n\t\t\t\t<\/div>\n\t\t\t\t\t<\/div>\n\t\t<\/div>\n\t\t\t\t\t\t\t<\/div>\n\t\t<\/section>\n\t\t\t\t\t\t<\/div>\n\t\t\t\t\t<\/div>\n\t\t","protected":false},"excerpt":{"rendered":"<p>VIDEO STREAM AUDIO STUDIOT TEKIJ\u00c4T YHTEISTY\u00d6SS\u00c4 MediaGent tarkoittaa enemm\u00e4n kuin vain media-alan herrashenkil\u00f6\u00e4 \u2013 se kuvastaa asennetta ja toimintatapaa. Gent on avulias, viisas ja reilu. H\u00e4n antaa avok\u00e4tisesti aikaansa, osaamistaan ja resurssejaan muiden hyv\u00e4ksi.H\u00e4n valitsee positiivisuuden ja kohtelee kaikkia tasapuolisesti, luoden ymp\u00e4rilleen mukavan ty\u00f6ilmapiirin. Mediagents Oy&nbsp;el\u00e4\u00e4 ja hengitt\u00e4\u00e4 Gents-periaatetta palvelemalla asiakkaitamme joustavasti, ratkaisukeskeisesti ja ammattitaidolla. [&hellip;]<\/p>\n","protected":false},"author":1,"featured_media":0,"parent":0,"menu_order":0,"comment_status":"closed","ping_status":"closed","template":"elementor_header_footer","meta":{"footnotes":""},"class_list":["post-11","page","type-page","status-publish","hentry","entry"],"_links":{"self":[{"href":"https:\/\/mediagents.fi\/MG\/wp-json\/wp\/v2\/pages\/11","targetHints":{"allow":["GET"]}}],"collection":[{"href":"https:\/\/mediagents.fi\/MG\/wp-json\/wp\/v2\/pages"}],"about":[{"href":"https:\/\/mediagents.fi\/MG\/wp-json\/wp\/v2\/types\/page"}],"author":[{"embeddable":true,"href":"https:\/\/mediagents.fi\/MG\/wp-json\/wp\/v2\/users\/1"}],"replies":[{"embeddable":true,"href":"https:\/\/mediagents.fi\/MG\/wp-json\/wp\/v2\/comments?post=11"}],"version-history":[{"count":589,"href":"https:\/\/mediagents.fi\/MG\/wp-json\/wp\/v2\/pages\/11\/revisions"}],"predecessor-version":[{"id":3108,"href":"https:\/\/mediagents.fi\/MG\/wp-json\/wp\/v2\/pages\/11\/revisions\/3108"}],"wp:attachment":[{"href":"https:\/\/mediagents.fi\/MG\/wp-json\/wp\/v2\/media?parent=11"}],"curies":[{"name":"wp","href":"https:\/\/api.w.org\/{rel}","templated":true}]}}